{"id":25641,"date":"2026-04-10T00:08:15","date_gmt":"2026-04-09T22:08:15","guid":{"rendered":"https:\/\/surovce.fara.sk\/novy\/?page_id=25641"},"modified":"2026-04-12T13:15:09","modified_gmt":"2026-04-12T11:15:09","slug":"spolocenstva","status":"publish","type":"page","link":"https:\/\/surovce.fara.sk\/en\/spolocenstva\/","title":{"rendered":"SPOLO\u010cENSTV\u00c1"},"content":{"rendered":"<figure><img decoding=\"async\" src=\"https:\/\/surovce.fara.sk\/wp-content\/uploads\/2026\/04\/istockphoto-1500318173-612x612-fotor-2026041001827.jpg\" alt=\"\" \/><\/figure>\n<p>\u00a0<\/p>\n<p><!-- \/wp:post-content --><!-- wp:table {\"className\":\"is-style-stripes\",\"style\":{\"typography\":{\"lineHeight\":\"1.3\"}}} --><\/p>\n<figure style=\"line-height: 1.3;\">\n<table style=\"width: 100%;\">\n<tbody>\n<tr>\n<td style=\"width: 16.7549%;\">N\u00e1zov spolo\u010denstva<\/td>\n<td style=\"width: 57.4956%;\">Charakteristika<\/td>\n<td style=\"width: 25.5732%;\">\u010cas stretnutia<\/td>\n<\/tr>\n<tr>\n<td style=\"width: 16.7549%;\"><strong>Mini\u0161tranti<\/strong><\/td>\n<td style=\"width: 57.4956%;\"><strong>Kto je to mini\u0161trant?<\/strong><br \/><strong>\u00a0<\/strong>Slovko mini\u0161trant poch\u00e1dza z latinsk\u00e9ho slova \u201eministrare\u201c, \u010do v preklade znamen\u00e1 \u201eposluhova\u0165 pri stole\u201c. Zjednodu\u0161ene by sme mohli poveda\u0165, \u017ee mini\u0161tranti s\u00fa chlapci, ktor\u00ed \u201eprisluhuj\u00fa pri P\u00e1novom olt\u00e1ri&#8220;. V na\u0161ej farnosti mini\u0161truje 15 chlapcov. Ved\u00faci s\u00fa: Pavol Hal\u00e1n a Peter Kedro<\/td>\n<td style=\"width: 25.5732%;\">Ka\u017ed\u00fd prv\u00fd piatok v mesiaci po sv. om\u0161i a pod\u013ea dohody cez whatsapp.<\/td>\n<\/tr>\n<tr>\n<td style=\"width: 16.7549%;\"><strong>Zbory<\/strong><\/td>\n<td style=\"width: 57.4956%;\">Vo farnosti m\u00e1me dva zbory dospel\u00fdch \u010dlenov: jeden farsk\u00fd liturgick\u00fd, ten spieva na liturgick\u00fdch sl\u00e1vnostiach a druh\u00fd tzv. 90 roky, ktor\u00fd spr\u00edjem\u0148uje detsk\u00e9 sv. om\u0161e jeden piatok v mesiaci. Nesmieme v\u0161ak zabudn\u00fa\u0165 na detsk\u00fd zbor, ktor\u00e9ho spev zaznieva z hrdiel zu\u010dastnen\u00fdch det\u00ed na piatkov\u00fdch sv. om\u0161iach pod veden\u00edm p. Zuzky Jan\u010dovi\u010dovej a p. M\u00e1rii Hal\u00e1novej.<\/td>\n<td style=\"width: 25.5732%;\">n\u00e1cviky s\u00fa pod\u013ea dohody medzi spev\u00e1kmi a pr\u00edle\u017eitost\u00ed k r\u00f4znym sl\u00e1vnostiam, \u010di podujatiam vo farnosti.<\/td>\n<\/tr>\n<tr>\n<td style=\"width: 16.7549%;\"><strong>Modlitby matiek &#8211; star\u0161ia skupina<\/strong><\/td>\n<td style=\"width: 57.4956%;\">Prv\u00e1 skupinka Modlitieb matiek (MM) v\u00a0\u0160\u00farovciach vznikla u\u017e v roku 2000 a pokra\u010duje a\u017e dodnes. Jej zalo\u017eeniu predch\u00e1dzala n\u00e1v\u0161teva slovenskej koordin\u00e1torky pre MM na Slovensku Janky Pajanovej v\u00a0na\u0161ej farnosti.<br \/>Viac inform\u00e1ci\u00ed n\u00e1jdete na: <a style=\"color: #000000;\" href=\"http:\/\/www.modlitbymatiek.sk\/\">http:\/\/www.modlitbymatiek.sk\/<\/a><\/td>\n<td style=\"width: 25.5732%;\">Ka\u017ed\u00fa stredu po sv. om\u0161ia a pod\u013ea dohody. Ka\u017ed\u00fd \u0161tvr\u0165rok\u00a0 sa kon\u00e1 modlitebn\u00e9 trojdnie vo farskom kostole. V\u00a0piatok sa kon\u00e1 modlitba s\u00a0\u00famyslom odprosovania za na\u0161e hriechy, v\u00a0sobotu odprosujeme za t\u00fdch, ktor\u00ed ubl\u00ed\u017eili n\u00e1m a na\u0161im de\u0165om a v\u00a0nede\u013eu chv\u00e1lime P\u00e1na za v\u0161etko, \u010do rob\u00ed v\u00a0na\u0161ich \u017eivotech.\u00a0<\/td>\n<\/tr>\n<tr>\n<td style=\"width: 16.7549%;\"><strong>Modlitby matiek &#8211; mlad\u0161ia skupina<\/strong><\/td>\n<td style=\"width: 57.4956%;\">T\u00e1to druh\u00e1 skupinka vznikla v\u00a0roku 2004 preva\u017ene s\u00a0mami\u010diek s\u00a0mal\u00fdmi de\u0165mi. Deti u\u017e \u010dasom podr\u00e1stli, ale mami\u010dky sa st\u00e1le stret\u00e1vaj\u00fa a skupinka je otvoren\u00e1 aj pre \u010fal\u0161ie mamy, ktor\u00e9 c\u00edtia potrebu spolo\u010dne sa modli\u0165 za deti.<\/td>\n<td style=\"width: 25.5732%;\">Ka\u017ed\u00fa sobotu o 17:00<\/td>\n<\/tr>\n<tr>\n<td style=\"width: 16.7549%;\"><strong>Spolo\u010denstvo Zrnko<\/strong><\/td>\n<td style=\"width: 57.4956%;\">Toto detsk\u00e9 spolo\u010denstvo funguje formou dohodnut\u00fdch detsk\u00fdch stretiek, ktor\u00e9 na\u0161i anim\u00e1tori pripravuj\u00fa ve\u013emi kvalitne, pri\u010dom sa sna\u017eia de\u0165om odovzd\u00e1va\u0165 posolstvo evanjelia, jednoduch\u00fdm detsk\u00fdm sp\u00f4sobom. Ved\u00fa ho preva\u017ene anim\u00e1tori zo spolo\u010denstva Joy na \u010dele s p. Zuzkou Jan\u010dovi\u010dovou.<\/td>\n<td style=\"width: 25.5732%;\">Na fare pod\u013ea vyhl\u00e1senia v oznamoch a inak sa stret\u00e1vame pravidelne pri piatkov\u00fdch sv. om\u0161iach.<\/td>\n<\/tr>\n<tr>\n<td style=\"width: 16.7549%;\"><strong>Ru\u017eencov\u00e9 bratstvo<\/strong><\/td>\n<td style=\"width: 57.4956%;\">V na\u0161ej farnosti ru\u017eencov\u00e9 bratstvo fungovalo u\u017e od d\u00e1vnej minulosti. Zakladaciu listinu sme obdr\u017eali od Dominik\u00e1nov, ktor\u00ed s\u00fa poveren\u00ed spravovan\u00edm ru\u017eencov\u00fdch bratstiev od 28.11.2001.<br \/>Ru\u017eencov\u00e9 bratstvo sa sklad\u00e1:<br \/>&#8211; \u017eiv\u00fd ru\u017eenec &#8211; \u010dlenovia si menia ka\u017ed\u00fd mesiac tajomstva, ktor\u00e9 sa potom denne modlia<br \/>&#8211; ve\u010dn\u00fd ru\u017eenec &#8211; \u010dlenovia sa modlia predelen\u00e9 tajomstvo st\u00e1le<br \/>&#8211; sv\u00e4t\u00fd ru\u017eenec &#8211; \u010dlenovia sa za t\u00fd\u017ede\u0148 pomodlia v\u0161etky tajomstv\u00e1 = cel\u00fa ru\u017eu.\u00a0\u00a0\u00a0\u00a0\u00a0\u00a0\u00a0\u00a0<br \/>V na\u0161ej farnosti sme najviac zoskupen\u00ed v \u017eivom ru\u017eenci. M\u00e1me \u0161es\u0165 ru\u017e\u00ed = p\u00e4\u0165 ru\u017e\u00ed \u00fapln\u00fdch a jedna ne\u00fapln\u00e1. M\u00e1me aj 17 \u010dlenov zoskupen\u00fdch vo ve\u010dnom ru\u017eenci.<br \/>Ka\u017ed\u00fa ru\u017eu spravuje horlite\u013eka, u ktorej si \u010dlenovia vymie\u0148aj\u00fa cedu\u013eky &#8211; karti\u010dky s tajomstvom. Ka\u017ed\u00e1 ru\u017ea ma dvadsa\u0165 \u010dlenov &#8211; vtedy je \u00fapln\u00e1. Ma ma\u0165 aj pokladn\u00edka, ktor\u00fd spravuje dobrovo\u013en\u00fd pe\u0148a\u017en\u00fd pr\u00edspevok \u010dlenov, ktor\u00fdm m\u00f4\u017eu podpori\u0165 dohodnut\u00fa akciu.<\/td>\n<td style=\"width: 25.5732%;\">Z\u00e1v\u00e4zok je 1x do mesiaca sa spolo\u010dne pomodli\u0165 ru\u017eenec a po modlitbe sa vymenia tajomstv\u00e1 &#8211; karti\u010dky. U n\u00e1s je na to ur\u010den\u00e1 prv\u00e1 nede\u013ea v mesiaci, poobede na lit\u00e1ni\u00e1ch.<\/td>\n<\/tr>\n<tr>\n<td style=\"width: 16.7549%;\"><strong>P\u00fatnici<\/strong><\/td>\n<td style=\"width: 57.4956%;\">Spolo\u010denstvo p\u00fatnikov pozost\u00e1va v\u017edy z aktu\u00e1lne prihl\u00e1sen\u00fdch z\u00e1ujemcov na farsk\u00fa p\u00fa\u0165. Za posledn\u00e9 roky sme nav\u0161t\u00edvili Medjugorje, Lurdy, Fatimu, Bragu, Andoru, Barcelonu Butkov, Taliansk\u00e9 mest\u00e1 sv\u00e4tcov, R\u00edm&#8230;<\/td>\n<td style=\"width: 25.5732%;\">V dobe pr\u00e1zdnin.<\/td>\n<\/tr>\n<tr>\n<td style=\"width: 16.7549%;\"><strong>Biblick\u00e9 stretnutia<\/strong><\/td>\n<td style=\"width: 57.4956%;\">\u010c\u00edtanie Biblie s v\u00fdkladmi<\/td>\n<td style=\"width: 25.5732%;\">V\u00e4\u010d\u0161inou na prv\u00fa nede\u013eu v mesiaci pod\u013ea vyhl\u00e1senia vo farsk\u00fdch oznamoch.<\/td>\n<\/tr>\n<tr>\n<td style=\"width: 16.7549%;\"><strong>Farsk\u00e9 spolo\u010denstvo<\/strong><\/td>\n<td style=\"width: 57.4956%;\">Toto spolo\u010denstvo tvor\u00edme v\u0161etci a stret\u00e1vame sa okrem \u00fa\u010dasti na sv. om\u0161iach aj pri r\u00f4znych podujatiach farnosti.<\/td>\n<td style=\"width: 25.5732%;\">Farsk\u00fd de\u0148 det\u00ed (j\u00fan), De\u0148 farnosti (september), De\u0148 rodiny na v\u00fdlete (august), Dobrodru\u017estv\u00e1 s Pannou M\u00e1riou (august), Karneval sv\u00e4t\u00fdch (okt\u00f3ber, november) Farsk\u00fd ples (janu\u00e1r-febru\u00e1r), Ve\u013ekono\u010dn\u00e9 stretnutie (apr\u00edl), Jasli\u010dkov\u00e9 predstavenie (janu\u00e1r), Bo\u017eie Telo, Hodky, Hody, Dobr\u00e1 Novina&#8230;<\/td>\n<\/tr>\n<\/tbody>\n<\/table>\n<\/figure>\n<p><!-- \/wp:table --><\/p>","protected":false},"excerpt":{"rendered":"<p>\u00a0 N\u00e1zov spolo\u010denstva Charakteristika \u010cas stretnutia Mini\u0161tranti Kto je to mini\u0161trant?\u00a0Slovko mini\u0161trant poch\u00e1dza z latinsk\u00e9ho&hellip;<\/p>","protected":false},"author":2,"featured_media":0,"parent":0,"menu_order":0,"comment_status":"closed","ping_status":"closed","template":"","meta":{"footnotes":""},"class_list":["post-25641","page","type-page","status-publish","hentry"],"_links":{"self":[{"href":"https:\/\/surovce.fara.sk\/en\/wp-json\/wp\/v2\/pages\/25641","targetHints":{"allow":["GET"]}}],"collection":[{"href":"https:\/\/surovce.fara.sk\/en\/wp-json\/wp\/v2\/pages"}],"about":[{"href":"https:\/\/surovce.fara.sk\/en\/wp-json\/wp\/v2\/types\/page"}],"author":[{"embeddable":true,"href":"https:\/\/surovce.fara.sk\/en\/wp-json\/wp\/v2\/users\/2"}],"replies":[{"embeddable":true,"href":"https:\/\/surovce.fara.sk\/en\/wp-json\/wp\/v2\/comments?post=25641"}],"version-history":[{"count":55,"href":"https:\/\/surovce.fara.sk\/en\/wp-json\/wp\/v2\/pages\/25641\/revisions"}],"predecessor-version":[{"id":25968,"href":"https:\/\/surovce.fara.sk\/en\/wp-json\/wp\/v2\/pages\/25641\/revisions\/25968"}],"wp:attachment":[{"href":"https:\/\/surovce.fara.sk\/en\/wp-json\/wp\/v2\/media?parent=25641"}],"curies":[{"name":"wp","href":"https:\/\/api.w.org\/{rel}","templated":true}]}}