{"id":25573,"date":"2026-04-09T21:15:55","date_gmt":"2026-04-09T19:15:55","guid":{"rendered":"https:\/\/surovce.fara.sk\/novy\/?page_id=25573"},"modified":"2026-04-21T19:40:14","modified_gmt":"2026-04-21T17:40:14","slug":"farsky-tym","status":"publish","type":"page","link":"https:\/\/surovce.fara.sk\/en\/farsky-tym\/","title":{"rendered":"Farsk\u00fd t\u00edm"},"content":{"rendered":"<div data-elementor-type=\"wp-page\" data-elementor-id=\"25573\" class=\"elementor elementor-25573\">\n\t\t\t\t\t\t<section class=\"elementor-section elementor-top-section elementor-element elementor-element-124994a4 elementor-section-boxed elementor-section-height-default elementor-section-height-default sc_fly_static\" data-id=\"124994a4\" data-element_type=\"section\" data-e-type=\"section\">\n\t\t\t\t\t\t<div class=\"elementor-container elementor-column-gap-default\">\n\t\t\t\t\t<div class=\"elementor-column elementor-col-100 elementor-top-column elementor-element elementor-element-2403d33b sc_content_align_inherit sc_layouts_column_icons_position_left sc_fly_static\" data-id=\"2403d33b\" data-element_type=\"column\" data-e-type=\"column\">\n\t\t\t<div class=\"elementor-widget-wrap elementor-element-populated\">\n\t\t\t\t\t\t<div class=\"elementor-element elementor-element-bbc25fd sc_fly_static elementor-widget elementor-widget-heading\" data-id=\"bbc25fd\" data-element_type=\"widget\" data-e-type=\"widget\" data-widget_type=\"heading.default\">\n\t\t\t\t<div class=\"elementor-widget-container\">\n\t\t\t\t\t<h2 class=\"elementor-heading-title elementor-size-default\">Farsk\u00fd t\u00edm<\/h2>\t\t\t\t<\/div>\n\t\t\t\t<\/div>\n\t\t\t\t<div class=\"elementor-element elementor-element-125b75af elementor-widget__width-initial sc_fly_static elementor-widget elementor-widget-text-editor\" data-id=\"125b75af\" data-element_type=\"widget\" data-e-type=\"widget\" data-widget_type=\"text-editor.default\">\n\t\t\t\t<div class=\"elementor-widget-container\">\n\t\t\t\t\t\t\t\t\t<div class=\"wp-block-group\">\n<p><\/p>\n<div class=\"wp-block-media-text is-stacked-on-mobile is-vertically-aligned-center is-style-rounded\" style=\"border-style: none; border-width: 0px; border-top-left-radius: 0px; border-top-right-radius: 0px; border-bottom-left-radius: 0px; border-bottom-right-radius: 0px; grid-template-columns: 39% auto; padding: 0; margin: 0;\">\n<figure class=\"wp-block-media-text__media\"><img fetchpriority=\"high\" decoding=\"async\" class=\"alignnone wp-image-25575 size-full\" src=\"https:\/\/surovce.fara.sk\/wp-content\/uploads\/2026\/04\/shutterstock_241299094-fotor-20260409203320-1-e1775767893179.png\" alt=\"\" width=\"720\" height=\"940\" srcset=\"https:\/\/surovce.fara.sk\/wp-content\/uploads\/2026\/04\/shutterstock_241299094-fotor-20260409203320-1-e1775767893179.png 720w, https:\/\/surovce.fara.sk\/wp-content\/uploads\/2026\/04\/shutterstock_241299094-fotor-20260409203320-1-e1775767893179-9x12.png 9w, https:\/\/surovce.fara.sk\/wp-content\/uploads\/2026\/04\/shutterstock_241299094-fotor-20260409203320-1-e1775767893179-370x483.png 370w, https:\/\/surovce.fara.sk\/wp-content\/uploads\/2026\/04\/shutterstock_241299094-fotor-20260409203320-1-e1775767893179-410x535.png 410w\" sizes=\"(max-width: 720px) 100vw, 720px\" \/><\/figure>\n<div class=\"wp-block-media-text__content\">\n<p><\/p>\n<figure class=\"wp-block-table is-style-stripes\">\n<table class=\"has-fixed-layout\" style=\"width: 100%;\">\n<tbody>\n<tr>\n<td style=\"width: 35.2941%;\"><strong>Spr\u00e1vca farnosti<\/strong><\/td>\n<td style=\"width: 64.1711%;\">Mgr. Dobromil Zif\u010dak, PhD.<\/td>\n<\/tr>\n<tr>\n<td style=\"width: 35.2941%;\"><strong>Kostoln\u00edci:<\/strong><\/td>\n<td style=\"width: 64.1711%;\">Peter Hal\u00e1n (0903 136 445) a Milan Galbav\u00fd<\/td>\n<\/tr>\n<tr>\n<td style=\"width: 35.2941%;\"><strong>Organisti:<\/strong><\/td>\n<td style=\"width: 64.1711%;\">Bc. Mgr. Marcel Zachar a Peter Zachar<\/td>\n<\/tr>\n<\/tbody>\n<\/table>\n<\/figure>\n<p><\/p>\n<p><\/p>\n<p style=\"text-align: center;\"><strong>Farsk\u00e1 rada<\/strong><\/p>\n<figure class=\"wp-block-table is-style-stripes has-small-font-size\">\n<table class=\"has-fixed-layout\" style=\"width: 100%;\">\n<tbody>\n<tr>\n<td style=\"width: 46.2081%;\"><strong>Farsk\u00e1 ekonomick\u00e1 rada<\/strong><\/td>\n<td style=\"width: 53.6156%;\"><strong>Farsk\u00e1 pastora\u010dn\u00e1 rada<\/strong><\/td>\n<\/tr>\n<tr>\n<td style=\"width: 46.2081%;\">Ing. Miroslav Har\u0161ani<\/td>\n<td style=\"width: 53.6156%;\">Zuzana Jan\u010dovi\u010dov\u00e1<\/td>\n<\/tr>\n<tr>\n<td style=\"width: 46.2081%;\">Ing. Pavol Ambru\u0161<\/td>\n<td style=\"width: 53.6156%;\">RNDr. Martina J\u00e1no\u0161kov\u00e1<\/td>\n<\/tr>\n<tr>\n<td style=\"width: 46.2081%;\">Ing. Kamil Mrekaj<\/td>\n<td style=\"width: 53.6156%;\">Bc. Mgr. Veronika Jagelkov\u00e1, DiS. art.<\/td>\n<\/tr>\n<tr>\n<td style=\"width: 46.2081%;\">Mgr. Peter Masarovi\u010d<\/td>\n<td style=\"width: 53.6156%;\">Bc. Katar\u00edna \u010euri\u0161ov\u00e1<\/td>\n<\/tr>\n<tr>\n<td style=\"width: 46.2081%;\">Ing. Janka Har\u0161\u00e1niov\u00e1, <span style=\"font-size: 8pt;\">odborn\u00e1 poradky\u0148a v stavebn\u00fdch z\u00e1le\u017eitostiach<\/span><\/td>\n<td style=\"width: 53.6156%;\">\u013dubom\u00edr Sabo<\/td>\n<\/tr>\n<tr>\n<td style=\"width: 46.2081%;\">\u00a0<\/td>\n<td style=\"width: 53.6156%;\">Bc. M\u00e1ria Lujza Javor\u010d\u00edkov\u00e1<\/td>\n<\/tr>\n<\/tbody>\n<\/table>\n<\/figure>\n<figure><\/figure>\n<figure class=\"wp-block-table is-style-stripes has-small-font-size\"><strong style=\"letter-spacing: 0.1px; text-align: right;\"><span style=\"font-size: 14pt;\">&#8230; a do farsk\u00e9ho t\u00edmu samozrejme patria v\u0161etci farn\u00edci a \u013eudia dobrej v\u00f4le s ktor\u00fdmi spolupracujeme.<\/span><\/strong><\/figure>\n<\/div>\n<\/div>\n<\/div>\n<p><\/p>\t\t\t\t\t\t\t\t<\/div>\n\t\t\t\t<\/div>\n\t\t\t\t\t<\/div>\n\t\t<\/div>\n\t\t\t\t\t<\/div>\n\t\t<\/section>\n\t\t\t\t<\/div>","protected":false},"excerpt":{"rendered":"<p>Farsk\u00fd t\u00edm<\/p>","protected":false},"author":2,"featured_media":0,"parent":0,"menu_order":0,"comment_status":"closed","ping_status":"closed","template":"","meta":{"footnotes":""},"class_list":["post-25573","page","type-page","status-publish","hentry"],"_links":{"self":[{"href":"https:\/\/surovce.fara.sk\/en\/wp-json\/wp\/v2\/pages\/25573","targetHints":{"allow":["GET"]}}],"collection":[{"href":"https:\/\/surovce.fara.sk\/en\/wp-json\/wp\/v2\/pages"}],"about":[{"href":"https:\/\/surovce.fara.sk\/en\/wp-json\/wp\/v2\/types\/page"}],"author":[{"embeddable":true,"href":"https:\/\/surovce.fara.sk\/en\/wp-json\/wp\/v2\/users\/2"}],"replies":[{"embeddable":true,"href":"https:\/\/surovce.fara.sk\/en\/wp-json\/wp\/v2\/comments?post=25573"}],"version-history":[{"count":101,"href":"https:\/\/surovce.fara.sk\/en\/wp-json\/wp\/v2\/pages\/25573\/revisions"}],"predecessor-version":[{"id":26442,"href":"https:\/\/surovce.fara.sk\/en\/wp-json\/wp\/v2\/pages\/25573\/revisions\/26442"}],"wp:attachment":[{"href":"https:\/\/surovce.fara.sk\/en\/wp-json\/wp\/v2\/media?parent=25573"}],"curies":[{"name":"wp","href":"https:\/\/api.w.org\/{rel}","templated":true}]}}