{"id":24730,"date":"2026-03-22T19:58:29","date_gmt":"2026-03-22T18:58:29","guid":{"rendered":"https:\/\/surovce.fara.sk\/novy\/?page_id=24730"},"modified":"2026-03-22T20:08:25","modified_gmt":"2026-03-22T19:08:25","slug":"podmienky-pouzivania","status":"publish","type":"page","link":"https:\/\/surovce.fara.sk\/en\/podmienky-pouzivania\/","title":{"rendered":"Podmienky pou\u017e\u00edvania web str\u00e1nok"},"content":{"rendered":"<div data-elementor-type=\"wp-page\" data-elementor-id=\"24730\" class=\"elementor elementor-24730\">\n\t\t\t\t\t\t<section class=\"elementor-section elementor-top-section elementor-element elementor-element-c9f77d9 scheme_default elementor-section-boxed elementor-section-height-default elementor-section-height-default sc_fly_static\" data-id=\"c9f77d9\" data-element_type=\"section\" data-e-type=\"section\">\n\t\t\t\t\t\t<div class=\"elementor-container elementor-column-gap-extended\">\n\t\t\t\t\t<div class=\"elementor-column elementor-col-100 elementor-top-column elementor-element elementor-element-487875bf sc_content_align_inherit sc_layouts_column_icons_position_left sc_fly_static\" data-id=\"487875bf\" data-element_type=\"column\" data-e-type=\"column\">\n\t\t\t<div class=\"elementor-widget-wrap elementor-element-populated\">\n\t\t\t\t\t\t<div class=\"elementor-element elementor-element-42d52117 sc_height_large sc_fly_static elementor-widget elementor-widget-spacer\" data-id=\"42d52117\" data-element_type=\"widget\" data-e-type=\"widget\" data-widget_type=\"spacer.default\">\n\t\t\t\t<div class=\"elementor-widget-container\">\n\t\t\t\t\t\t\t<div class=\"elementor-spacer\">\n\t\t\t<div class=\"elementor-spacer-inner\"><\/div>\n\t\t<\/div>\n\t\t\t\t\t\t<\/div>\n\t\t\t\t<\/div>\n\t\t\t\t<div class=\"elementor-element elementor-element-1f88f1a sc_fly_static elementor-widget elementor-widget-text-editor\" data-id=\"1f88f1a\" data-element_type=\"widget\" data-e-type=\"widget\" data-widget_type=\"text-editor.default\">\n\t\t\t\t<div class=\"elementor-widget-container\">\n\t\t\t\t\t\t\t\t\t<h4 style=\"text-align: center;\"><span style=\"font-family: georgia, palatino, serif;\">Podmienky pou\u017e\u00edvania<\/span><\/h4><h3 style=\"text-align: center;\"><span style=\"font-family: georgia, palatino, serif; font-size: 12pt; color: #000000;\">\u010cl. I. \u00davodn\u00e9 ustanovenia<\/span><\/h3><ol style=\"text-align: justify;\"><li><span style=\"font-family: georgia, palatino, serif; font-size: 12pt; color: #000000;\">Prev\u00e1dzkovate\u013eom internetov\u00fdch str\u00e1nok umiestnen\u00fdch na subdom\u00e9ne surovce.fara.sk ako i pr\u00edslu\u0161n\u00fdch dom\u00e9nach 4. \u00farovne (\u010falej spolo\u010dne len \u201ewebov\u00e9 str\u00e1nky surovce.fara.sk\u201c) je R\u00edmskokatol\u00edcky farsk\u00fd \u00farad \u0160\u00farovce, so s\u00eddlom: Horn\u00e1 1, 915 25 \u0160\u00farovce (\u010falej len ako \u00a0\u201eprev\u00e1dzkovate\u013e\u201c).<\/span><\/li><li><span style=\"font-family: georgia, palatino, serif; font-size: 12pt; color: #000000;\">Prev\u00e1dzkovate\u013e vyd\u00e1va nasleduj\u00face podmienky pou\u017e\u00edvania jeho webov\u00fdch str\u00e1nok upravuj\u00face vz\u00e1jomn\u00e9 pr\u00e1va a povinnosti medzi n\u00edm a\u00a0n\u00e1v\u0161tevn\u00edkmi t\u00fdchto str\u00e1nok (\u010falej jednotlivo len \u201epou\u017e\u00edvate\u013e\u201c).<\/span><\/li><li><span style=\"font-family: georgia, palatino, serif; font-size: 12pt; color: #000000;\">Ka\u017ed\u00fd pou\u017e\u00edvate\u013e je povinn\u00fd obozn\u00e1mi\u0165 sa s podmienkami pou\u017e\u00edvania webov\u00fdch str\u00e1nok prev\u00e1dzkovate\u013ea. Pou\u017e\u00edvate\u013e svojou n\u00e1v\u0161tevou a \u010fal\u0161\u00edm pou\u017e\u00edvan\u00edm webov\u00fdch str\u00e1nok potvrdzuje, \u017ee bol t\u00fdmito podmienkami pou\u017e\u00edvania obozn\u00e1men\u00fd a s\u00fahlas\u00ed s nimi.<\/span><\/li><\/ol><h3 style=\"text-align: center;\"><span style=\"font-family: georgia, palatino, serif; font-size: 12pt; color: #000000;\">\u010cl. II. Obsah a pou\u017eitie webov\u00fdch str\u00e1nok<\/span><\/h3><ol><li style=\"text-align: justify;\"><span style=\"font-family: georgia, palatino, serif; font-size: 12pt; color: #000000;\">Pr\u00edstup k\u00a0webov\u00fdm str\u00e1nkam a ich pou\u017e\u00edvanie pou\u017e\u00edvate\u013eom je bezplatn\u00e9. Pou\u017e\u00edvate\u013e nesie n\u00e1klady, ktor\u00e9 mu vznikn\u00fa v s\u00favislosti s realiz\u00e1ciou pr\u00edstupu na tieto str\u00e1nky, teda n\u00e1klady na prev\u00e1dzku elektronick\u00e9ho zariadenia, pomocou ktor\u00e9ho k str\u00e1nkam pristupuje, a n\u00e1klady na internetov\u00e9 pripojenie.<\/span><\/li><li style=\"text-align: justify;\"><span style=\"font-family: georgia, palatino, serif; font-size: 12pt; color: #000000;\">Obsah webov\u00fdch str\u00e1nok je tvoren\u00fd predov\u0161etk\u00fdm textami, fotografiami alebo obr\u00e1zkami, audio alebo audiovizu\u00e1lnymi z\u00e1znamami, ktor\u00e9 na tieto str\u00e1nky umiestnil prev\u00e1dzkovate\u013e (\u010falej spolo\u010dne len \u201eobsah\u201c).<\/span><\/li><li style=\"text-align: justify;\"><span style=\"font-family: georgia, palatino, serif; font-size: 12pt; color: #000000;\">Obsah je chr\u00e1nen\u00fd autorsk\u00fdm pr\u00e1vom prev\u00e1dzkovate\u013ea alebo tret\u00edch os\u00f4b a\u00a0ak\u00e9ko\u013evek jeho pou\u017eitie podlieha predch\u00e1dzaj\u00facemu p\u00edsomn\u00e9mu s\u00fahlasu prev\u00e1dzkovate\u013ea, s\u00a0v\u00fdnimkou pr\u00edpadov stanoven\u00fdch z\u00e1konom, napr\u00edklad ak ide o\u00a0pou\u017eitie autorsky chr\u00e1nen\u00fdch diel pre s\u00fakromn\u00fa potrebu, pre \u00fa\u010dely cit\u00e1cie alebo na v\u00fdchovno-vzdel\u00e1vacie \u00fa\u010dely.<\/span><\/li><li style=\"text-align: justify;\"><span style=\"font-family: georgia, palatino, serif; font-size: 12pt; color: #000000;\">Za aktu\u00e1lnos\u0165, pravdivos\u0165 a spr\u00e1vnos\u0165 inform\u00e1ci\u00ed tvoriacich obsah webov\u00fdch str\u00e1nok zodpovedaj\u00fa pr\u00edslu\u0161n\u00ed autori.<br \/>Prev\u00e1dzkovate\u013e nenesie zodpovednos\u0165 za pr\u00edpadn\u00fa \u0161kodu, ktor\u00e1 m\u00f4\u017ee pou\u017e\u00edvate\u013eovi vznikn\u00fa\u0165 v d\u00f4sledku uverejnenia alebo pou\u017eitia neaktu\u00e1lnych, nepravdiv\u00fdch \u010di nespr\u00e1vnych inform\u00e1ci\u00ed tvoriacich obsah t\u00fdchto webov\u00fdch str\u00e1nok.<br \/><\/span><\/li><li style=\"text-align: justify;\"><span style=\"font-family: georgia, palatino, serif; font-size: 12pt; color: #000000;\">Pou\u017e\u00edvate\u013e berie na vedomie a s\u00fahlas\u00ed, \u017ee obsah webov\u00fdch str\u00e1nok surovce.fara.sk nemus\u00ed by\u0165 dostupn\u00fd nepretr\u017eite. Pr\u00edstupnos\u0165 obsahu m\u00f4\u017ee by\u0165 obmedzen\u00e1 predov\u0161etk\u00fdm v\u00a0d\u00f4sledku technickej chyby alebo rozhodnutia prev\u00e1dzkovate\u013ea, ktor\u00fd si vyhradzuje pr\u00e1vo na znepr\u00edstupnenie n\u00edm ur\u010denej \u010dasti obsahu.<\/span><\/li><li style=\"text-align: justify;\"><span style=\"font-family: georgia, palatino, serif; font-size: 12pt; color: #000000;\">Kliknut\u00edm na niektor\u00e9 odkazy na webov\u00fdch str\u00e1nkach m\u00f4\u017ee d\u00f4js\u0165 k opusteniu port\u00e1lu a presmerovaniu pou\u017e\u00edvate\u013ea na internetov\u00e9 str\u00e1nky tret\u00edch os\u00f4b. Prepojen\u00e9 internetov\u00e9 str\u00e1nky nie s\u00fa prev\u00e1dzkovate\u013eom kontrolovan\u00e9 a prev\u00e1dzkovate\u013e nie je zodpovedn\u00fd za obsah \u017eiadnej takto prepojenej\u00a0internetovej str\u00e1nky, ani za \u0161kodu, ktor\u00e1 m\u00f4\u017ee pou\u017e\u00edvate\u013eovi vznikn\u00fa\u0165 v d\u00f4sledku jeho presmerovania.<\/span><\/li><\/ol>\t\t\t\t\t\t\t\t<\/div>\n\t\t\t\t<\/div>\n\t\t\t\t<div class=\"elementor-element elementor-element-57e61c5 sc_height_huge sc_fly_static elementor-widget elementor-widget-spacer\" data-id=\"57e61c5\" data-element_type=\"widget\" data-e-type=\"widget\" data-widget_type=\"spacer.default\">\n\t\t\t\t<div class=\"elementor-widget-container\">\n\t\t\t\t\t\t\t<div class=\"elementor-spacer\">\n\t\t\t<div class=\"elementor-spacer-inner\"><\/div>\n\t\t<\/div>\n\t\t\t\t\t\t<\/div>\n\t\t\t\t<\/div>\n\t\t\t\t\t<\/div>\n\t\t<\/div>\n\t\t\t\t\t<\/div>\n\t\t<\/section>\n\t\t\t\t<\/div>","protected":false},"excerpt":{"rendered":"<p>Podmienky pou\u017e\u00edvania \u010cl. I. \u00davodn\u00e9 ustanovenia Prev\u00e1dzkovate\u013eom internetov\u00fdch str\u00e1nok umiestnen\u00fdch na subdom\u00e9ne surovce.fara.sk ako i&hellip;<\/p>","protected":false},"author":1,"featured_media":0,"parent":0,"menu_order":0,"comment_status":"closed","ping_status":"closed","template":"","meta":{"footnotes":""},"class_list":["post-24730","page","type-page","status-publish","hentry"],"_links":{"self":[{"href":"https:\/\/surovce.fara.sk\/en\/wp-json\/wp\/v2\/pages\/24730","targetHints":{"allow":["GET"]}}],"collection":[{"href":"https:\/\/surovce.fara.sk\/en\/wp-json\/wp\/v2\/pages"}],"about":[{"href":"https:\/\/surovce.fara.sk\/en\/wp-json\/wp\/v2\/types\/page"}],"author":[{"embeddable":true,"href":"https:\/\/surovce.fara.sk\/en\/wp-json\/wp\/v2\/users\/1"}],"replies":[{"embeddable":true,"href":"https:\/\/surovce.fara.sk\/en\/wp-json\/wp\/v2\/comments?post=24730"}],"version-history":[{"count":8,"href":"https:\/\/surovce.fara.sk\/en\/wp-json\/wp\/v2\/pages\/24730\/revisions"}],"predecessor-version":[{"id":24740,"href":"https:\/\/surovce.fara.sk\/en\/wp-json\/wp\/v2\/pages\/24730\/revisions\/24740"}],"wp:attachment":[{"href":"https:\/\/surovce.fara.sk\/en\/wp-json\/wp\/v2\/media?parent=24730"}],"curies":[{"name":"wp","href":"https:\/\/api.w.org\/{rel}","templated":true}]}}