{"id":24664,"date":"2026-03-22T09:45:50","date_gmt":"2026-03-22T08:45:50","guid":{"rendered":"https:\/\/surovce.fara.sk\/novy\/?page_id=24664"},"modified":"2026-04-11T12:16:32","modified_gmt":"2026-04-11T10:16:32","slug":"zive-vysielanie","status":"publish","type":"page","link":"https:\/\/surovce.fara.sk\/en\/zive-vysielanie\/","title":{"rendered":"\u017div\u00e9 vysielanie"},"content":{"rendered":"<iframe src=\"https:\/\/www.youtube.com\/embed\/live_stream?channel=UCPjxs9Hs56RVmrLDgqhzQCw\" width=\"auto\" height=\"620\" allowfullscreen=\"allowfullscreen\" frameborder=\"0\"><\/iframe>\n\n\n\n<div style=\"height:20px\" aria-hidden=\"true\" class=\"wp-block-spacer\"><\/div>\n\n\n<div class=\"item_fulltext\">\n<div class=\"item_fulltext\">\n<p style=\"text-align: center;\"><span style=\"font-size: 18pt; color: #000000;\">Link na vysielanie:<\/span><\/p>\n<p style=\"text-align: center;\"><span style=\"font-size: 18pt;\"><a href=\"https:\/\/www.youtube.com\/@farnostsurovce6278\/streams\" target=\"_blank\" rel=\"noopener\">https:\/\/www.youtube.com\/@farnostsurovce6278\/streams<\/a><\/span><\/p>\n<p style=\"text-align: center;\"><span style=\"font-size: 18pt;\"><a href=\"https:\/\/player.twitch.tv\/?channel=agathonet2&amp;enableExtensions=true&amp;muted=true&amp;parent=twitch.tv&amp;player=popout&amp;volume=0.5\" target=\"_blank\" rel=\"noopener\">Z\u00e1lo\u017en\u00fd prehr\u00e1va\u010d internetov\u00e9ho vysielania (twitch)<\/a><\/span><\/p>\n<\/div>\n<\/div>","protected":false},"excerpt":{"rendered":"<p>Link na vysielanie: https:\/\/www.youtube.com\/@farnostsurovce6278\/streams Z\u00e1lo\u017en\u00fd prehr\u00e1va\u010d internetov\u00e9ho vysielania (twitch)<\/p>","protected":false},"author":1,"featured_media":0,"parent":0,"menu_order":0,"comment_status":"closed","ping_status":"closed","template":"","meta":{"footnotes":""},"class_list":["post-24664","page","type-page","status-publish","hentry"],"_links":{"self":[{"href":"https:\/\/surovce.fara.sk\/en\/wp-json\/wp\/v2\/pages\/24664","targetHints":{"allow":["GET"]}}],"collection":[{"href":"https:\/\/surovce.fara.sk\/en\/wp-json\/wp\/v2\/pages"}],"about":[{"href":"https:\/\/surovce.fara.sk\/en\/wp-json\/wp\/v2\/types\/page"}],"author":[{"embeddable":true,"href":"https:\/\/surovce.fara.sk\/en\/wp-json\/wp\/v2\/users\/1"}],"replies":[{"embeddable":true,"href":"https:\/\/surovce.fara.sk\/en\/wp-json\/wp\/v2\/comments?post=24664"}],"version-history":[{"count":12,"href":"https:\/\/surovce.fara.sk\/en\/wp-json\/wp\/v2\/pages\/24664\/revisions"}],"predecessor-version":[{"id":25809,"href":"https:\/\/surovce.fara.sk\/en\/wp-json\/wp\/v2\/pages\/24664\/revisions\/25809"}],"wp:attachment":[{"href":"https:\/\/surovce.fara.sk\/en\/wp-json\/wp\/v2\/media?parent=24664"}],"curies":[{"name":"wp","href":"https:\/\/api.w.org\/{rel}","templated":true}]}}