{"id":24626,"date":"2026-03-22T08:56:36","date_gmt":"2026-03-22T07:56:36","guid":{"rendered":"https:\/\/surovce.fara.sk\/novy\/?page_id=24626"},"modified":"2026-03-23T21:07:45","modified_gmt":"2026-03-23T20:07:45","slug":"harmonogram","status":"publish","type":"page","link":"https:\/\/surovce.fara.sk\/en\/harmonogram\/","title":{"rendered":"Farsk\u00fd harmonogram"},"content":{"rendered":"<div data-elementor-type=\"wp-page\" data-elementor-id=\"24626\" class=\"elementor elementor-24626\">\n\t\t\t\t\t\t<section class=\"elementor-section elementor-top-section elementor-element elementor-element-701d79f scheme_light elementor-section-boxed elementor-section-height-default elementor-section-height-default sc_fly_static\" data-id=\"701d79f\" data-element_type=\"section\" data-e-type=\"section\" data-settings=\"{&quot;background_background&quot;:&quot;classic&quot;}\">\n\t\t\t\t\t\t<div class=\"elementor-container elementor-column-gap-extended\">\n\t\t\t\t\t<div class=\"elementor-column elementor-col-100 elementor-top-column elementor-element elementor-element-3bc8d31 sc_content_align_inherit sc_layouts_column_icons_position_left sc_fly_static\" data-id=\"3bc8d31\" data-element_type=\"column\" data-e-type=\"column\">\n\t\t\t<div class=\"elementor-widget-wrap\">\n\t\t\t\t\t\t\t<\/div>\n\t\t<\/div>\n\t\t\t\t\t<\/div>\n\t\t<\/section>\n\t\t\t\t<section class=\"elementor-section elementor-top-section elementor-element elementor-element-2a316e84 scheme_default elementor-section-boxed elementor-section-height-default elementor-section-height-default sc_fly_static\" data-id=\"2a316e84\" data-element_type=\"section\" data-e-type=\"section\" data-settings=\"{&quot;background_background&quot;:&quot;classic&quot;}\">\n\t\t\t\t\t\t<div class=\"elementor-container elementor-column-gap-extended\">\n\t\t\t\t\t<div class=\"elementor-column elementor-col-100 elementor-top-column elementor-element elementor-element-35c98be7 sc_content_align_inherit sc_layouts_column_icons_position_left sc_fly_static\" data-id=\"35c98be7\" data-element_type=\"column\" data-e-type=\"column\">\n\t\t\t<div class=\"elementor-widget-wrap elementor-element-populated\">\n\t\t\t\t\t\t<div class=\"elementor-element elementor-element-3508881 sc_fly_static elementor-widget elementor-widget-spacer\" data-id=\"3508881\" data-element_type=\"widget\" data-e-type=\"widget\" data-widget_type=\"spacer.default\">\n\t\t\t\t<div class=\"elementor-widget-container\">\n\t\t\t\t\t\t\t<div class=\"elementor-spacer\">\n\t\t\t<div class=\"elementor-spacer-inner\"><\/div>\n\t\t<\/div>\n\t\t\t\t\t\t<\/div>\n\t\t\t\t<\/div>\n\t\t\t\t<div class=\"elementor-element elementor-element-e9a5534 sc_fly_static elementor-widget elementor-widget-text-editor\" data-id=\"e9a5534\" data-element_type=\"widget\" data-e-type=\"widget\" data-widget_type=\"text-editor.default\">\n\t\t\t\t<div class=\"elementor-widget-container\">\n\t\t\t\t\t\t\t\t\t<center><\/center><table style=\"width: 750px; height: 776px;\" border=\"0\"><tbody><tr><td style=\"border: thin solid #000000;\" rowspan=\"3\"><span style=\"color: #000000; font-family: georgia, palatino, serif; font-size: 12pt;\"><strong>Sv\u00e4t\u00e9 om\u0161e<\/strong><\/span><\/td><td style=\"border: thin solid #000000;\"><span style=\"font-family: georgia, palatino, serif; text-align: justify; text-indent: -132.333px; font-size: 12pt; color: #000000;\">\u00a0Po, Ut, St, \u0160t, Pi<\/span><\/td><td style=\"border: thin solid #000000;\"><span style=\"font-family: georgia, palatino, serif; font-size: 12pt; color: #000000;\"><span style=\"text-align: justify; text-indent: -132.333px;\">\u00a0o 18:00 hod.\u00a0<\/span><strong style=\"text-align: justify; text-indent: -132.333px;\">\/v zimnom obdob\u00ed o 17:30 hod.\/<\/strong><\/span><\/td><\/tr><tr><td style=\"border: thin solid #000000;\"><span style=\"font-family: georgia, palatino, serif; text-align: justify; text-indent: -132.333px; font-size: 12pt; color: #000000;\">\u00a0So<\/span><\/td><td style=\"border: thin solid #000000;\"><span style=\"font-family: georgia, palatino, serif; font-size: 12pt; color: #000000;\">\u00a0o 8:00 hod.<\/span><\/td><\/tr><tr><td style=\"border: thin solid #000000;\"><span style=\"font-family: georgia, palatino, serif; font-size: 12pt; color: #000000;\"><span style=\"line-height: normal; text-align: justify; text-indent: -132.333px;\">\u00a0Nedele<\/span><span style=\"line-height: normal; text-align: justify; text-indent: -132.333px;\"> a prik\u00e1zan\u00fd sviatok v de\u0148 pracovn\u00e9ho pokoja<\/span><\/span><\/td><td style=\"border: thin solid #000000;\"><span style=\"font-family: georgia, palatino, serif; font-size: 12pt; color: #000000;\">\u00a0o 8:00 a 10:30 hod.<\/span><\/td><\/tr><tr><td style=\"border: thin solid #000000;\" rowspan=\"2\"><span style=\"font-family: georgia, palatino, serif; font-size: 12pt; color: #000000;\"><strong>Sv\u00e4t\u00e1 spove\u010f<\/strong><\/span><\/td><td style=\"border: thin solid #000000;\"><span style=\"font-family: georgia, palatino, serif; font-size: 12pt; color: #000000;\">Po, Ut, St, <\/span><span style=\"font-family: georgia, palatino, serif; font-size: 12pt; color: #000000;\">\u0160t, Pia, So, Ne<\/span><\/td><td style=\"border: thin solid #000000;\"><span style=\"font-family: georgia, palatino, serif; font-size: 12pt; color: #000000;\">\u00a030 min\u00fat pred sv. om\u0161ou<\/span><\/td><\/tr><tr><td style=\"border: thin solid #000000;\"><span style=\"color: #000000; font-family: georgia, palatino, serif;\"><span style=\"font-size: 16px;\">\u0160tvrtok po\u010das ador\u00e1cie<\/span><\/span><\/td><td style=\"border: thin solid #000000;\"><span style=\"font-family: georgia, palatino, serif; font-size: 12pt; color: #000000;\">\u00a060 min\u00fat pred sv. om\u0161ou<\/span><\/td><\/tr><tr><td style=\"border: thin solid #000000;\"><span style=\"font-family: georgia, palatino, serif; font-size: 12pt; color: #000000;\"><strong style=\"text-align: justify; text-indent: -132.333px;\"><strong style=\"line-height: normal;\">Posv\u00e4tn\u00fd ru\u017eenec<\/strong><\/strong><\/span><\/td><td style=\"border: thin solid #000000;\"><p><span style=\"font-family: georgia, palatino, serif; font-size: 12pt; color: #000000;\">Ut, St, Pi, So, Ne<\/span><\/p><\/td><td style=\"border: thin solid #000000;\"><p><span style=\"font-size: 12pt; font-family: georgia, palatino, serif; color: #000000;\">\u00a035 min\u00fat pred sv\u00e4tou om\u0161ou<\/span><\/p><\/td><\/tr><tr><td style=\"border: thin solid #000000;\"><span style=\"font-family: georgia, palatino, serif; font-size: 12pt; color: #000000;\"><strong>Lit\u00e1nie<\/strong><\/span><\/td><td style=\"border: thin solid #000000;\"><span style=\"font-family: georgia, palatino, serif; font-size: 12pt; color: #000000;\">Nede\u013ea<\/span><\/td><td style=\"border: thin solid #000000;\"><span style=\"font-size: 12pt; font-family: georgia, palatino, serif; color: #000000;\">\u00a0od 15:00 hod.<\/span><\/td><\/tr><tr><td style=\"border: thin solid #000000;\"><span style=\"font-family: georgia, palatino, serif; font-size: 12pt; color: #000000;\"><strong>Ve\u010deradlo<\/strong><\/span><\/td><td style=\"border: thin solid #000000;\"><span style=\"font-size: 12pt; font-family: georgia, palatino, serif; color: #000000;\">Pondelok<\/span><\/td><td style=\"border: thin solid #000000;\"><span style=\"font-size: 12pt; font-family: georgia, palatino, serif; color: #000000;\">\u00a050 min\u00fat pred sv. om\u0161ou<\/span><\/td><\/tr><tr><td style=\"border: thin solid #000000;\"><span style=\"font-family: georgia, palatino, serif; font-size: 12pt; color: #000000;\"><strong>\u0160kapuliarske hodinky<\/strong><\/span><\/td><td style=\"border: thin solid #000000;\"><span style=\"font-size: 12pt; font-family: georgia, palatino, serif; color: #000000;\">ka\u017ed\u00e1 tretia nede\u013ea<\/span><\/td><td style=\"border: thin solid #000000;\"><span style=\"font-size: 12pt; font-family: georgia, palatino, serif; color: #000000;\">\u00a0od 15:00 hod.<\/span><\/td><\/tr><tr><td style=\"border: thin solid #000000;\"><span style=\"font-family: georgia, palatino, serif; font-size: 12pt; color: #000000;\"><strong>Tich\u00e1 ador\u00e1cia<\/strong><\/span><\/td><td style=\"border: thin solid #000000;\"><span style=\"font-family: georgia, palatino, serif; font-size: 12pt; color: #000000;\">\u0160tvrtok<br \/>Prv\u00fd piatok<\/span><\/td><td style=\"border: thin solid #000000;\"><span style=\"font-family: georgia, palatino, serif; font-size: 12pt; color: #000000;\">\u00a060 min\u00fat pred sv. om\u0161ou<br \/>\u00a060 min\u00fat po sv. om\u0161i<\/span><\/td><\/tr><tr><td style=\"border: thin solid #000000;\"><span style=\"font-family: georgia, palatino, serif; font-size: 12pt; color: #000000;\"><strong>\u00daradn\u00e9 hodiny<\/strong><\/span><\/td><td style=\"border: thin solid #000000;\" colspan=\"2\"><span style=\"font-family: georgia, palatino, serif; font-size: 12pt; color: #000000;\">\u00daradn\u00e9 z\u00e1le\u017eitosti na farskom \u00farade m\u00f4\u017eete vybavi\u0165 najlep\u0161ie v t\u00fd\u017edni po sv. om\u0161i.\u00a0Term\u00edn n\u00e1v\u0161tevy si m\u00f4\u017eete dohodn\u00fa\u0165 aj telefonicky.<\/span><\/td><\/tr><tr><td style=\"border: thin solid #000000;\"><span style=\"color: #000000; font-family: georgia, palatino, serif; font-size: 12pt;\"><strong>Modlitbov\u00e1 slu\u017eba<\/strong><\/span><\/td><td style=\"border: thin solid #000000;\"><span style=\"font-size: 12pt; font-family: georgia, palatino, serif; color: #000000;\">Piatok<\/span><\/td><td style=\"border: thin solid #000000;\"><span style=\"font-family: georgia, palatino, serif; font-size: 12pt; color: #000000;\">\u00a0v\u00a0Kaplnke Bo\u017eieho milosrdenstva od 8:00 do 12:00 hod.<\/span><\/td><\/tr><tr><td style=\"border: thin solid #000000;\" rowspan=\"2\"><span style=\"font-family: georgia, palatino, serif; font-size: 12pt; color: #000000;\"><strong>SPOLO\u010cENSTV\u00c1<\/strong>\u00a0\u00a0\u00a0<\/span><\/td><td style=\"border: thin solid #000000;\"><span style=\"font-family: georgia, palatino, serif; font-size: 12pt; color: #000000;\"><strong>Modlitby matiek<\/strong><\/span><\/td><td style=\"border: thin solid #000000;\"><p><span style=\"font-family: georgia, palatino, serif; font-size: 12pt; color: #000000;\">\u00a01. skupina: stretnutie v\u00a0stredu po sv. om\u0161i na fare<\/span><\/p><p><span style=\"font-family: georgia, palatino, serif; font-size: 12pt; color: #000000;\">\u00a02. skupina: stretnutie v\u00a0sobotu o 17:00 hod. na fare<\/span><\/p><\/td><\/tr><tr><td style=\"border: thin solid #000000;\"><p><span style=\"color: #1d1d1d; font-family: georgia, palatino, serif;\"><span style=\"font-size: 16px;\"><b>Detsk\u00e9 a anim\u00e1torsk\u00e9 stretk\u00e1<\/b><\/span><\/span><\/p><\/td><td style=\"border: thin solid #000000;\"><p><span style=\"color: #000000; font-family: georgia, palatino, serif;\"><span style=\"font-size: 16px;\">\u00a0pod\u013ea vyhl\u00e1senia v oznamoch<\/span><\/span><\/p><\/td><\/tr><\/tbody><\/table><p>\u00a0<\/p>\t\t\t\t\t\t\t\t<\/div>\n\t\t\t\t<\/div>\n\t\t\t\t<div class=\"elementor-element elementor-element-7f5d8e3 sc_fly_static elementor-widget elementor-widget-spacer\" data-id=\"7f5d8e3\" data-element_type=\"widget\" data-e-type=\"widget\" data-widget_type=\"spacer.default\">\n\t\t\t\t<div class=\"elementor-widget-container\">\n\t\t\t\t\t\t\t<div class=\"elementor-spacer\">\n\t\t\t<div class=\"elementor-spacer-inner\"><\/div>\n\t\t<\/div>\n\t\t\t\t\t\t<\/div>\n\t\t\t\t<\/div>\n\t\t\t\t\t<\/div>\n\t\t<\/div>\n\t\t\t\t\t<\/div>\n\t\t<\/section>\n\t\t\t\t<\/div>","protected":false},"excerpt":{"rendered":"<p>Sv\u00e4t\u00e9 om\u0161e \u00a0Po, Ut, St, \u0160t, Pi \u00a0o 18:00 hod.\u00a0\/v zimnom obdob\u00ed o 17:30 hod.\/&hellip;<\/p>","protected":false},"author":1,"featured_media":0,"parent":0,"menu_order":0,"comment_status":"closed","ping_status":"closed","template":"","meta":{"footnotes":""},"class_list":["post-24626","page","type-page","status-publish","hentry"],"_links":{"self":[{"href":"https:\/\/surovce.fara.sk\/en\/wp-json\/wp\/v2\/pages\/24626","targetHints":{"allow":["GET"]}}],"collection":[{"href":"https:\/\/surovce.fara.sk\/en\/wp-json\/wp\/v2\/pages"}],"about":[{"href":"https:\/\/surovce.fara.sk\/en\/wp-json\/wp\/v2\/types\/page"}],"author":[{"embeddable":true,"href":"https:\/\/surovce.fara.sk\/en\/wp-json\/wp\/v2\/users\/1"}],"replies":[{"embeddable":true,"href":"https:\/\/surovce.fara.sk\/en\/wp-json\/wp\/v2\/comments?post=24626"}],"version-history":[{"count":28,"href":"https:\/\/surovce.fara.sk\/en\/wp-json\/wp\/v2\/pages\/24626\/revisions"}],"predecessor-version":[{"id":24860,"href":"https:\/\/surovce.fara.sk\/en\/wp-json\/wp\/v2\/pages\/24626\/revisions\/24860"}],"wp:attachment":[{"href":"https:\/\/surovce.fara.sk\/en\/wp-json\/wp\/v2\/media?parent=24626"}],"curies":[{"name":"wp","href":"https:\/\/api.w.org\/{rel}","templated":true}]}}