{"id":24613,"date":"2026-03-21T22:27:55","date_gmt":"2026-03-21T21:27:55","guid":{"rendered":"https:\/\/surovce.fara.sk\/novy\/?page_id=24613"},"modified":"2026-03-22T20:26:26","modified_gmt":"2026-03-22T19:26:26","slug":"kontakt","status":"publish","type":"page","link":"https:\/\/surovce.fara.sk\/en\/kontakt\/","title":{"rendered":"Kontaktn\u00e9 \u00fadaje"},"content":{"rendered":"<div data-elementor-type=\"wp-page\" data-elementor-id=\"24613\" class=\"elementor elementor-24613\">\n\t\t\t\t\t\t<section class=\"elementor-section elementor-top-section elementor-element elementor-element-701d79f scheme_light elementor-section-boxed elementor-section-height-default elementor-section-height-default sc_fly_static\" data-id=\"701d79f\" data-element_type=\"section\" data-e-type=\"section\" data-settings=\"{&quot;background_background&quot;:&quot;classic&quot;}\">\n\t\t\t\t\t\t<div class=\"elementor-container elementor-column-gap-extended\">\n\t\t\t\t\t<div class=\"elementor-column elementor-col-100 elementor-top-column elementor-element elementor-element-3bc8d31 sc_content_align_inherit sc_layouts_column_icons_position_left sc_fly_static\" data-id=\"3bc8d31\" data-element_type=\"column\" data-e-type=\"column\">\n\t\t\t<div class=\"elementor-widget-wrap\">\n\t\t\t\t\t\t\t<\/div>\n\t\t<\/div>\n\t\t\t\t\t<\/div>\n\t\t<\/section>\n\t\t\t\t<section class=\"elementor-section elementor-top-section elementor-element elementor-element-2a316e84 scheme_default elementor-section-boxed elementor-section-height-default elementor-section-height-default sc_fly_static\" data-id=\"2a316e84\" data-element_type=\"section\" data-e-type=\"section\" data-settings=\"{&quot;background_background&quot;:&quot;classic&quot;}\">\n\t\t\t\t\t\t<div class=\"elementor-container elementor-column-gap-extended\">\n\t\t\t\t\t<div class=\"elementor-column elementor-col-100 elementor-top-column elementor-element elementor-element-35c98be7 sc_content_align_inherit sc_layouts_column_icons_position_left sc_fly_static\" data-id=\"35c98be7\" data-element_type=\"column\" data-e-type=\"column\">\n\t\t\t<div class=\"elementor-widget-wrap elementor-element-populated\">\n\t\t\t\t\t\t<div class=\"elementor-element elementor-element-3508881 sc_fly_static elementor-widget elementor-widget-spacer\" data-id=\"3508881\" data-element_type=\"widget\" data-e-type=\"widget\" data-widget_type=\"spacer.default\">\n\t\t\t\t<div class=\"elementor-widget-container\">\n\t\t\t\t\t\t\t<div class=\"elementor-spacer\">\n\t\t\t<div class=\"elementor-spacer-inner\"><\/div>\n\t\t<\/div>\n\t\t\t\t\t\t<\/div>\n\t\t\t\t<\/div>\n\t\t\t\t\t<\/div>\n\t\t<\/div>\n\t\t\t\t\t<\/div>\n\t\t<\/section>\n\t\t\t\t<section class=\"elementor-section elementor-top-section elementor-element elementor-element-60eda10 elementor-section-boxed elementor-section-height-default elementor-section-height-default sc_fly_static\" data-id=\"60eda10\" data-element_type=\"section\" data-e-type=\"section\">\n\t\t\t\t\t\t<div class=\"elementor-container elementor-column-gap-extended\">\n\t\t\t\t\t<div class=\"elementor-column elementor-col-50 elementor-top-column elementor-element elementor-element-60d059d sc_content_align_inherit sc_layouts_column_icons_position_left sc_fly_static\" data-id=\"60d059d\" data-element_type=\"column\" data-e-type=\"column\">\n\t\t\t<div class=\"elementor-widget-wrap elementor-element-populated\">\n\t\t\t\t\t\t<div class=\"elementor-element elementor-element-4a37741 sc_fly_static elementor-widget elementor-widget-text-editor\" data-id=\"4a37741\" data-element_type=\"widget\" data-e-type=\"widget\" data-widget_type=\"text-editor.default\">\n\t\t\t\t<div class=\"elementor-widget-container\">\n\t\t\t\t\t\t\t\t\t<p><span style=\"font-family: helvetica, arial, sans-serif; font-size: 12pt; color: #000000;\">\u00a0<\/span><\/p><p><span style=\"font-family: helvetica, arial, sans-serif;\"><span style=\"color: #000000; font-size: 12pt; letter-spacing: 0.1px;\">Pre inform\u00e1cie oh\u013eadne vysluhovania sviatost\u00ed kliknite sem: <\/span><span style=\"font-size: 12pt; letter-spacing: 0.1px; color: #0000ff;\"><strong><a style=\"color: #0000ff;\" href=\"https:\/\/surovce.fara.sk\/sviatosti\/\" target=\"_blank\" rel=\"noopener\">Vysluhovanie sviatost\u00ed<\/a><\/strong><\/span><\/span><\/p>\t\t\t\t\t\t\t\t<\/div>\n\t\t\t\t<\/div>\n\t\t\t\t<div class=\"elementor-element elementor-element-eb82f9e elementor-widget-divider--view-line sc_fly_static elementor-widget elementor-widget-divider\" data-id=\"eb82f9e\" data-element_type=\"widget\" data-e-type=\"widget\" data-widget_type=\"divider.default\">\n\t\t\t\t<div class=\"elementor-widget-container\">\n\t\t\t\t\t\t\t<div class=\"elementor-divider\">\n\t\t\t<span class=\"elementor-divider-separator\">\n\t\t\t\t\t\t<\/span>\n\t\t<\/div>\n\t\t\t\t\t\t<\/div>\n\t\t\t\t<\/div>\n\t\t\t\t<div class=\"elementor-element elementor-element-348a610 sc_fly_static elementor-widget elementor-widget-text-editor\" data-id=\"348a610\" data-element_type=\"widget\" data-e-type=\"widget\" data-widget_type=\"text-editor.default\">\n\t\t\t\t<div class=\"elementor-widget-container\">\n\t\t\t\t\t\t\t\t\t<h4 class=\"module_title\"><span style=\"color: #000000; font-family: helvetica, arial, sans-serif; font-size: 14pt;\">\u00daradn\u00e9 hodiny<\/span><\/h4><div class=\"mod-custom mod-custom__\"><p style=\"text-align: justify;\"><span style=\"color: #000000; font-family: helvetica, arial, sans-serif; font-size: 12pt;\">\u00daradn\u00e9 z\u00e1le\u017eitosti na farskom \u00farade m\u00f4\u017eete vybavi\u0165 najlep\u0161ie v t\u00fd\u017edni po sv. om\u0161i.<\/span><\/p><p style=\"text-align: justify;\"><span style=\"color: #000000; font-family: helvetica, arial, sans-serif; font-size: 12pt;\">Term\u00edn n\u00e1v\u0161tevy si m\u00f4\u017eete dohodn\u00fa\u0165 aj telefonicky.<\/span><\/p><\/div>\t\t\t\t\t\t\t\t<\/div>\n\t\t\t\t<\/div>\n\t\t\t\t\t<\/div>\n\t\t<\/div>\n\t\t\t\t<div class=\"elementor-column elementor-col-50 elementor-top-column elementor-element elementor-element-c532e2b sc_content_align_inherit sc_layouts_column_icons_position_left sc_fly_static\" data-id=\"c532e2b\" data-element_type=\"column\" data-e-type=\"column\">\n\t\t\t<div class=\"elementor-widget-wrap elementor-element-populated\">\n\t\t\t\t\t\t<div class=\"elementor-element elementor-element-cb2fbf3 elementor-widget-tablet__width-initial sc_fly_static elementor-widget elementor-widget-text-editor\" data-id=\"cb2fbf3\" data-element_type=\"widget\" data-e-type=\"widget\" data-widget_type=\"text-editor.default\">\n\t\t\t\t<div class=\"elementor-widget-container\">\n\t\t\t\t\t\t\t\t\t<table style=\"width: 100%; border-collapse: collapse;\"><tbody><tr><td style=\"width: 40%;\"><span style=\"font-family: helvetica, arial, sans-serif; color: #000000;\"><strong>Adresa<\/strong><\/span><\/td><td style=\"width: 41.4141%;\"><span style=\"font-family: helvetica, arial, sans-serif; color: #000000;\"><strong>Identifika\u010dn\u00e9 \u00fadaje<\/strong><\/span><\/td><\/tr><tr><td style=\"width: 40%;\"><span style=\"font-family: helvetica, arial, sans-serif; color: #000000;\"><span style=\"font-size: 12pt;\">R\u00edmsko-katol\u00edcky farsk\u00fd \u00farad <\/span><span style=\"font-size: 12pt;\">\u0160\u00farovce<br \/><\/span><span style=\"font-size: 12pt;\">Horn\u00e1 1\/85<br \/><\/span><span style=\"font-size: 12pt;\">919 25\u00a0 \u0160\u00farovce<\/span><\/span><\/td><td style=\"width: 41.4141%;\"><p><span style=\"font-family: helvetica, arial, sans-serif;\"><span style=\"font-size: 12pt; color: #000000;\">I\u010cO: 34014217<br \/><\/span><span style=\"color: #000000; font-size: 12pt; letter-spacing: 0.1px;\">DI\u010c: 2021150021<br \/><\/span><span style=\"color: #000000; font-size: 12pt; letter-spacing: 0.1px;\">\u010c\u00edslo \u00fa\u010dtu: SK05 0900 0000 0000 4553 5690<\/span><\/span><\/p><\/td><\/tr><\/tbody><\/table><table style=\"border-collapse: collapse; width: 100%;\"><tbody><tr><td style=\"width: 100%; text-align: center;\"><span style=\"color: #000000; font-family: helvetica, arial, sans-serif;\"><strong><br \/>Spr\u00e1vca farnosti<\/strong><\/span><\/td><\/tr><tr><td style=\"width: 100%; text-align: center;\"><span style=\"font-family: helvetica, arial, sans-serif;\"><strong><span style=\"font-size: 12pt;\"><span style=\"color: #ff0000;\">Vdp. Mgr. Dobromil Zif\u010dak, PhD.<\/span><br \/><\/span><\/strong><span style=\"font-size: 12pt;\"><span style=\"color: #000000;\">farsk\u00fd administr\u00e1tor<\/span><\/span><\/span><\/td><\/tr><tr><td style=\"width: 100%; text-align: center;\"><span style=\"font-family: helvetica, arial, sans-serif; font-size: 14pt; color: #000000;\"><strong>E-mail: <\/strong>farnost.surovce@abu.sk\u00a0 \u00a0 \u00a0 \u00a0 \u00a0 \u00a0 \u00a0 \u00a0 \u00a0 \u00a0 \u00a0<strong>Mobil:<\/strong>\u00a00948 237 387<\/span><\/td><\/tr><\/tbody><\/table>\t\t\t\t\t\t\t\t<\/div>\n\t\t\t\t<\/div>\n\t\t\t\t\t<\/div>\n\t\t<\/div>\n\t\t\t\t\t<\/div>\n\t\t<\/section>\n\t\t\t\t<section class=\"elementor-section elementor-top-section elementor-element elementor-element-1b39a09 elementor-section-boxed elementor-section-height-default elementor-section-height-default sc_fly_static\" data-id=\"1b39a09\" data-element_type=\"section\" data-e-type=\"section\">\n\t\t\t\t\t\t<div class=\"elementor-container elementor-column-gap-extended\">\n\t\t\t\t\t<div class=\"elementor-column elementor-col-100 elementor-top-column elementor-element elementor-element-6410883 sc_content_align_inherit sc_layouts_column_icons_position_left sc_fly_static\" data-id=\"6410883\" data-element_type=\"column\" data-e-type=\"column\">\n\t\t\t<div class=\"elementor-widget-wrap elementor-element-populated\">\n\t\t\t\t\t\t<div class=\"elementor-element elementor-element-b171769 sc_height_small sc_fly_static elementor-widget elementor-widget-spacer\" data-id=\"b171769\" data-element_type=\"widget\" data-e-type=\"widget\" data-widget_type=\"spacer.default\">\n\t\t\t\t<div class=\"elementor-widget-container\">\n\t\t\t\t\t\t\t<div class=\"elementor-spacer\">\n\t\t\t<div class=\"elementor-spacer-inner\"><\/div>\n\t\t<\/div>\n\t\t\t\t\t\t<\/div>\n\t\t\t\t<\/div>\n\t\t\t\t\t<\/div>\n\t\t<\/div>\n\t\t\t\t\t<\/div>\n\t\t<\/section>\n\t\t\t\t<\/div>","protected":false},"excerpt":{"rendered":"<p>\u00a0 Pre inform\u00e1cie oh\u013eadne vysluhovania sviatost\u00ed kliknite sem: Vysluhovanie sviatost\u00ed \u00daradn\u00e9 hodiny \u00daradn\u00e9 z\u00e1le\u017eitosti na&hellip;<\/p>","protected":false},"author":1,"featured_media":0,"parent":0,"menu_order":0,"comment_status":"closed","ping_status":"closed","template":"","meta":{"footnotes":""},"class_list":["post-24613","page","type-page","status-publish","hentry"],"_links":{"self":[{"href":"https:\/\/surovce.fara.sk\/en\/wp-json\/wp\/v2\/pages\/24613","targetHints":{"allow":["GET"]}}],"collection":[{"href":"https:\/\/surovce.fara.sk\/en\/wp-json\/wp\/v2\/pages"}],"about":[{"href":"https:\/\/surovce.fara.sk\/en\/wp-json\/wp\/v2\/types\/page"}],"author":[{"embeddable":true,"href":"https:\/\/surovce.fara.sk\/en\/wp-json\/wp\/v2\/users\/1"}],"replies":[{"embeddable":true,"href":"https:\/\/surovce.fara.sk\/en\/wp-json\/wp\/v2\/comments?post=24613"}],"version-history":[{"count":15,"href":"https:\/\/surovce.fara.sk\/en\/wp-json\/wp\/v2\/pages\/24613\/revisions"}],"predecessor-version":[{"id":24744,"href":"https:\/\/surovce.fara.sk\/en\/wp-json\/wp\/v2\/pages\/24613\/revisions\/24744"}],"wp:attachment":[{"href":"https:\/\/surovce.fara.sk\/en\/wp-json\/wp\/v2\/media?parent=24613"}],"curies":[{"name":"wp","href":"https:\/\/api.w.org\/{rel}","templated":true}]}}