{"id":24582,"date":"2026-03-21T21:53:27","date_gmt":"2026-03-21T20:53:27","guid":{"rendered":"https:\/\/surovce.fara.sk\/novy\/?page_id=24582"},"modified":"2026-03-21T22:20:19","modified_gmt":"2026-03-21T21:20:19","slug":"historia-farnosti","status":"publish","type":"page","link":"https:\/\/surovce.fara.sk\/en\/historia-farnosti\/","title":{"rendered":"Hist\u00f3ria farnosti a duchovn\u00e9 povolania"},"content":{"rendered":"<div data-elementor-type=\"wp-page\" data-elementor-id=\"24582\" class=\"elementor elementor-24582\">\n\t\t\t\t\t\t<section class=\"elementor-section elementor-top-section elementor-element elementor-element-701d79f scheme_light elementor-section-boxed elementor-section-height-default elementor-section-height-default sc_fly_static\" data-id=\"701d79f\" data-element_type=\"section\" data-e-type=\"section\" data-settings=\"{&quot;background_background&quot;:&quot;classic&quot;}\">\n\t\t\t\t\t\t<div class=\"elementor-container elementor-column-gap-extended\">\n\t\t\t\t\t<div class=\"elementor-column elementor-col-100 elementor-top-column elementor-element elementor-element-3bc8d31 sc_content_align_inherit sc_layouts_column_icons_position_left sc_fly_static\" data-id=\"3bc8d31\" data-element_type=\"column\" data-e-type=\"column\">\n\t\t\t<div class=\"elementor-widget-wrap\">\n\t\t\t\t\t\t\t<\/div>\n\t\t<\/div>\n\t\t\t\t\t<\/div>\n\t\t<\/section>\n\t\t\t\t<section class=\"elementor-section elementor-top-section elementor-element elementor-element-2a316e84 scheme_default elementor-section-boxed elementor-section-height-default elementor-section-height-default sc_fly_static\" data-id=\"2a316e84\" data-element_type=\"section\" data-e-type=\"section\" data-settings=\"{&quot;background_background&quot;:&quot;classic&quot;}\">\n\t\t\t\t\t\t<div class=\"elementor-container elementor-column-gap-extended\">\n\t\t\t\t\t<div class=\"elementor-column elementor-col-100 elementor-top-column elementor-element elementor-element-35c98be7 sc_content_align_inherit sc_layouts_column_icons_position_left sc_fly_static\" data-id=\"35c98be7\" data-element_type=\"column\" data-e-type=\"column\">\n\t\t\t<div class=\"elementor-widget-wrap elementor-element-populated\">\n\t\t\t\t\t\t<div class=\"elementor-element elementor-element-3508881 sc_fly_static elementor-widget elementor-widget-spacer\" data-id=\"3508881\" data-element_type=\"widget\" data-e-type=\"widget\" data-widget_type=\"spacer.default\">\n\t\t\t\t<div class=\"elementor-widget-container\">\n\t\t\t\t\t\t\t<div class=\"elementor-spacer\">\n\t\t\t<div class=\"elementor-spacer-inner\"><\/div>\n\t\t<\/div>\n\t\t\t\t\t\t<\/div>\n\t\t\t\t<\/div>\n\t\t\t\t\t<\/div>\n\t\t<\/div>\n\t\t\t\t\t<\/div>\n\t\t<\/section>\n\t\t\t\t<section class=\"elementor-section elementor-top-section elementor-element elementor-element-60eda10 elementor-section-boxed elementor-section-height-default elementor-section-height-default sc_fly_static\" data-id=\"60eda10\" data-element_type=\"section\" data-e-type=\"section\">\n\t\t\t\t\t\t<div class=\"elementor-container elementor-column-gap-extended\">\n\t\t\t\t\t<div class=\"elementor-column elementor-col-50 elementor-top-column elementor-element elementor-element-60d059d sc_content_align_inherit sc_layouts_column_icons_position_left sc_fly_static\" data-id=\"60d059d\" data-element_type=\"column\" data-e-type=\"column\">\n\t\t\t<div class=\"elementor-widget-wrap elementor-element-populated\">\n\t\t\t\t\t\t<div class=\"elementor-element elementor-element-f1b3fe1 sc_fly_static elementor-widget elementor-widget-heading\" data-id=\"f1b3fe1\" data-element_type=\"widget\" data-e-type=\"widget\" data-widget_type=\"heading.default\">\n\t\t\t\t<div class=\"elementor-widget-container\">\n\t\t\t\t\t<h4 class=\"elementor-heading-title elementor-size-default\">Duchovn\u00e9 povolania z farnosti<\/h4>\t\t\t\t<\/div>\n\t\t\t\t<\/div>\n\t\t\t\t<div class=\"elementor-element elementor-element-8e9288e sc_fly_static elementor-widget elementor-widget-text-editor\" data-id=\"8e9288e\" data-element_type=\"widget\" data-e-type=\"widget\" data-widget_type=\"text-editor.default\">\n\t\t\t\t<div class=\"elementor-widget-container\">\n\t\t\t\t\t\t\t\t\t<table style=\"height: 529px; width: 400px;\"><tbody><tr><td style=\"text-align: center;\"><span style=\"font-family: 'book antiqua', palatino; font-size: 12pt; color: #000000;\"><strong>MONS. MILOSLAV MRVA<\/strong><\/span><\/td><\/tr><tr><td><ul style=\"list-style-type: circle;\"><li><span style=\"font-family: 'book antiqua', palatino; font-size: 12pt; color: #000000;\">naroden\u00fd 18. 12. 1936 vo Vara\u0161\u00fare,<\/span><\/li><li><span style=\"font-family: 'book antiqua', palatino; font-size: 12pt; color: #000000;\">ordinovan\u00fd <em>(vysv\u00e4ten\u00fd)<\/em> 22. 6. 1969, <\/span><\/li><li><span style=\"font-family: 'book antiqua', palatino; font-size: 12pt; color: #000000;\">1969 &#8211; kapl\u00e1n \u0160urany, <\/span><\/li><li><span style=\"font-family: 'book antiqua', palatino; font-size: 12pt; color: #000000;\">1970 &#8211; kapl\u00e1n Pie\u0161\u0165any, <\/span><\/li><li><span style=\"font-family: 'book antiqua', palatino; font-size: 12pt; color: #000000;\">1971 &#8211; kapl\u00e1n Levice, <\/span><\/li><li><span style=\"font-family: 'book antiqua', palatino; font-size: 12pt; color: #000000;\">1971 &#8211; kapl\u00e1n Vrbov\u00e9, <\/span><\/li><li><span style=\"font-family: 'book antiqua', palatino; font-size: 12pt; color: #000000;\">1973 &#8211; kapl\u00e1n Hlohovec, <\/span><\/li><li><span style=\"font-family: 'book antiqua', palatino; font-size: 12pt; color: #000000;\">1974 &#8211; far\u00e1r Doln\u00e9 Ore\u0161any, <\/span><\/li><li><span style=\"font-family: 'book antiqua', palatino; font-size: 12pt; color: #000000;\">1977 \u2013 1993 &#8211; dekan &#8211; far\u00e1r Smolenice, <\/span><\/li><li><span style=\"font-family: 'book antiqua', palatino; font-size: 12pt; color: #000000;\">1994 &#8211; \u0161piritu\u00e1l k\u0148azsk\u00e9ho semin\u00e1ra Bratislava, <\/span><\/li><li><span style=\"font-family: 'book antiqua', palatino; font-size: 12pt; color: #000000;\">1. 7. 2000 \u2013 a\u017e 22. 6. 2009 &#8211; far\u00e1r Horn\u00e9 Ore\u0161any, <\/span><\/li><li><span style=\"font-family: 'book antiqua', palatino; font-size: 12pt; color: #000000;\">22. 6. 2009 \u2013 dekan Horn\u00e9 Ore\u0161any<\/span><\/li><li><span style=\"font-family: 'book antiqua', palatino; font-size: 12pt; color: #000000;\">2013 &#8211; Hlohovec,\u00a0\u010destn\u00fd dekan &#8211; v\u00fdpomocn\u00fd duchovn\u00fd<br \/><em><br \/>menovan\u00fd 7. janu\u00e1ra 2017 p\u00e1pe\u017eom Franti\u0161kom za Kapl\u00e1na Jeho Sv\u00e4tosti a udelen\u00fd titul Monsignore.<br \/><\/em><\/span><img decoding=\"async\" class=\"wp-image-24587 size-trx_addons-thumb-small alignleft\" src=\"https:\/\/surovce.fara.sk\/wp-content\/uploads\/2026\/03\/miloslav-mrva-vyrocie-270x152.jpeg\" alt=\"\" width=\"270\" height=\"152\" srcset=\"https:\/\/surovce.fara.sk\/wp-content\/uploads\/2026\/03\/miloslav-mrva-vyrocie-270x152.jpeg 270w, https:\/\/surovce.fara.sk\/wp-content\/uploads\/2026\/03\/miloslav-mrva-vyrocie-840x473.jpeg 840w, https:\/\/surovce.fara.sk\/wp-content\/uploads\/2026\/03\/miloslav-mrva-vyrocie-410x230.jpeg 410w\" sizes=\"(max-width: 270px) 100vw, 270px\" \/><\/li><\/ul><\/td><\/tr><\/tbody><\/table><table style=\"height: 207px; width: 400px;\"><tbody><tr><td style=\"text-align: center;\"><span style=\"color: #000000;\">\u00a0<br \/><strong><span style=\"font-size: 12pt; font-family: 'book antiqua', palatino;\">MONS. FRANTI\u0160EK REVES, SDB<br \/><em>p\u00e1pe\u017esk\u00fd prel\u00e1t<\/em><\/span><\/strong><\/span><\/td><\/tr><tr><td><ul style=\"list-style-type: circle;\"><li style=\"text-align: justify;\"><span style=\"font-family: 'book antiqua', palatino; font-size: 12pt; color: #000000;\">naroden\u00fd 2. m\u00e1ja 1911 vo Varovom \u0160\u00fare<\/span><\/li><li style=\"text-align: justify;\"><span style=\"font-family: 'book antiqua', palatino; font-size: 12pt; color: #000000;\">Franti\u0161ek Reves sa pred svojou emigr\u00e1ciou do Franc\u00fazska podie\u013eal na prev\u00e1dzan\u00ed seminaristov, k\u0148azov i laikov cez rieku Moravu do Rak\u00faska spolu s bl. Titusom Zemanom, \u0160tefanom Faberom a Ernestom Mac\u00e1kom.<br \/>Franti\u0161ek Reves, hrdinsk\u00fd odporca komunistickej totality, pomohol utiec\u0165 vy\u0161e 100 \u013eu\u010fom, z toho bolo 80 duchovn\u00fdch.<br \/><\/span><\/li><li style=\"text-align: justify;\"><span style=\"font-family: 'book antiqua', palatino; font-size: 12pt; color: #000000;\">Pred emigr\u00e1ciou v r. 1945 kr\u00e1tko p\u00f4sobil aj v salezi\u00e1nskej komunite v Michalovciach.<\/span><\/li><li style=\"text-align: justify;\"><span style=\"font-family: 'book antiqua', palatino; font-size: 12pt; color: #000000;\">Ako mision\u00e1r p\u00f4sobil medzi krajanmi vo Franc\u00fazsku od r. 1959 a\u017e do svojej smrti v j\u00fani r. 1997 v Slovenskej katol\u00edckej misii vo Franc\u00fazsku<\/span><\/li><\/ul><\/td><\/tr><\/tbody><\/table><table style=\"height: 575px; width: 400px;\"><tbody><tr><td style=\"text-align: center;\"><span style=\"font-family: 'book antiqua', palatino; font-size: 12pt; color: #000000;\"><strong><br \/>DON VENDEL\u00cdN SABO, SDB<\/strong><\/span><\/td><\/tr><tr><td style=\"text-align: center;\"><ul style=\"list-style-type: circle;\"><li style=\"text-align: left;\"><span style=\"font-family: 'book antiqua', palatino; font-size: 12pt; color: #000000;\">nar. 24.10.1919 v \u0160\u00farovciach, <\/span><\/li><li style=\"text-align: left;\"><span style=\"font-family: 'book antiqua', palatino; font-size: 12pt; color: #000000;\">ordinovan\u00fd\u00a0<em>(vysv\u00e4ten\u00fd)<\/em> 29.6.1949; <\/span><\/li><li style=\"text-align: left;\"><span style=\"font-family: 'book antiqua', palatino; font-size: 12pt; color: #000000;\">katech\u00e9ta 1949 Trnava-Kop\u00e1nka; <\/span><\/li><li style=\"text-align: left;\"><span style=\"font-family: 'book antiqua', palatino; font-size: 12pt; color: #000000;\">1950 m.p. Podol\u00ednec; <\/span><\/li><li style=\"text-align: left;\"><span style=\"font-family: 'book antiqua', palatino; font-size: 12pt; color: #000000;\">1951 ZVS; <\/span><\/li><li style=\"text-align: left;\"><span style=\"font-family: 'book antiqua', palatino; font-size: 12pt; color: #000000;\">1953 kapl\u00e1n Vrbov\u00e9, <\/span><\/li><li style=\"text-align: left;\"><span style=\"font-family: 'book antiqua', palatino; font-size: 12pt; color: #000000;\">1962 kapl\u00e1n Skalica, <\/span><\/li><li style=\"text-align: left;\"><span style=\"font-family: 'book antiqua', palatino; font-size: 12pt; color: #000000;\">1967 kapl\u00e1n Malacky, <\/span><\/li><li style=\"text-align: left;\"><span style=\"font-family: 'book antiqua', palatino; font-size: 12pt; color: #000000;\">1969 kapl\u00e1n Hol\u00ed\u010d; <\/span><\/li><li style=\"text-align: left;\"><span style=\"font-family: 'book antiqua', palatino; font-size: 12pt; color: #000000;\">1991 duchovn\u00fd spr\u00e1vca u sestier Hol\u00ed\u010d; <\/span><\/li><li style=\"text-align: left;\"><span style=\"font-family: 'book antiqua', palatino; font-size: 12pt; color: #000000;\">v\u00fdpomocn\u00fd duchovn\u00fd 1993 Hol\u00ed\u010d; <\/span><\/li><li style=\"text-align: left;\"><span style=\"font-family: 'book antiqua', palatino; font-size: 12pt; color: #000000;\">zomrel v Hol\u00ed\u010di 12.11.2008<br \/><img fetchpriority=\"high\" decoding=\"async\" class=\"wp-image-24588 alignleft\" src=\"https:\/\/surovce.fara.sk\/wp-content\/uploads\/2026\/03\/vendelin-sabo-270x152.jpg\" alt=\"\" width=\"270\" height=\"325\" srcset=\"https:\/\/surovce.fara.sk\/wp-content\/uploads\/2026\/03\/vendelin-sabo-370x445.jpg 370w, https:\/\/surovce.fara.sk\/wp-content\/uploads\/2026\/03\/vendelin-sabo-410x493.jpg 410w, https:\/\/surovce.fara.sk\/wp-content\/uploads\/2026\/03\/vendelin-sabo.jpg 499w\" sizes=\"(max-width: 270px) 100vw, 270px\" \/><br \/><\/span><\/li><\/ul><\/td><\/tr><\/tbody><\/table><table style=\"height: 102px; width: 400px;\"><tbody><tr><td style=\"text-align: center;\"><span style=\"color: #000000;\"><strong><span style=\"font-family: 'book antiqua', palatino; font-size: 12pt;\"><br \/>\u00a0FLORI\u00c1N SABO<\/span><\/strong><\/span><\/td><\/tr><tr><td><ul style=\"list-style-type: circle;\"><li><span style=\"font-family: 'book antiqua', palatino; font-size: 12pt; color: #000000;\">naroden\u00fd \u00a031. 3. 1913 v \u0160\u00farovciach <\/span><\/li><li><span style=\"font-family: 'book antiqua', palatino; font-size: 12pt; color: #000000;\">+ 29. 4. 1984 &#8211; Ve\u013ek\u00fd Kl\u00ed\u017e<\/span><\/li><\/ul><\/td><\/tr><\/tbody><\/table><table style=\"height: 44px; width: 400px;\"><tbody><tr><td style=\"text-align: center;\"><span style=\"color: #000000;\"><strong><span style=\"font-family: 'book antiqua', palatino; font-size: 12pt;\"> <br \/>DON STANISLAV GALBAV\u00dd<\/span><\/strong><\/span><\/td><\/tr><\/tbody><\/table><table style=\"height: 256px; width: 400px;\"><tbody><tr><td style=\"text-align: center;\"><span style=\"color: #000000;\"><strong><span style=\"font-family: 'book antiqua', palatino; font-size: 12pt;\">\u00a0VDP. JOZEF KUS\u00dd ml.<\/span><\/strong><\/span><\/td><\/tr><tr><td><span style=\"color: #000000;\"> <img decoding=\"async\" class=\"alignnone size-full wp-image-24589\" src=\"https:\/\/surovce.fara.sk\/wp-content\/uploads\/2026\/03\/jozef-kusy-mladsi.jpg\" alt=\"\" width=\"1157\" height=\"880\" srcset=\"https:\/\/surovce.fara.sk\/wp-content\/uploads\/2026\/03\/jozef-kusy-mladsi.jpg 1157w, https:\/\/surovce.fara.sk\/wp-content\/uploads\/2026\/03\/jozef-kusy-mladsi-768x584.jpg 768w, https:\/\/surovce.fara.sk\/wp-content\/uploads\/2026\/03\/jozef-kusy-mladsi-370x281.jpg 370w, https:\/\/surovce.fara.sk\/wp-content\/uploads\/2026\/03\/jozef-kusy-mladsi-840x639.jpg 840w, https:\/\/surovce.fara.sk\/wp-content\/uploads\/2026\/03\/jozef-kusy-mladsi-410x312.jpg 410w\" sizes=\"(max-width: 1157px) 100vw, 1157px\" \/><\/span><\/td><\/tr><\/tbody><\/table><table style=\"height: 159px; width: 400px;\"><tbody><tr><td style=\"text-align: center;\"><span style=\"color: #000000;\"><br \/><span style=\"font-family: 'book antiqua', palatino; font-size: 12pt;\"><strong>JOZEF KUS\u00dd, SDB<\/strong><\/span><\/span><\/td><\/tr><tr><td><ul style=\"list-style-type: circle;\"><li style=\"text-align: justify;\"><span style=\"font-size: 12pt; font-family: 'book antiqua', palatino; color: #000000;\">Salezi\u00e1n Jozef Kus\u00fd pre\u017eil hlavn\u00fa \u010das\u0165 svojho \u017eivota ako mision\u00e1r vo v\u00fdchodnom Timore. <\/span><\/li><li style=\"text-align: justify;\"><span style=\"font-size: 12pt; font-family: 'book antiqua', palatino; color: #000000;\">Narodil v rodine Michala Kus\u00e9ho a Katar\u00edny, rodenej Rezb\u00e1rikovej 10. okt\u00f3bra 1909 vo Varovom \u0160\u00fari (Vara\u0161\u00far), okres Trnava. <\/span><\/li><li style=\"text-align: justify;\"><span style=\"font-size: 12pt; font-family: 'book antiqua', palatino; color: #000000;\">V roku 1932, vo veku 23 rokov, odpovedal na Bo\u017eie volanie \u00faplne sa zasv\u00e4ti\u0165 Bohu a svojim bratom a sestr\u00e1m a vst\u00fapil do salezi\u00e1nskeho a\u0161pirant\u00e1tu. <\/span><\/li><li style=\"text-align: justify;\"><span style=\"font-size: 12pt; font-family: 'book antiqua', palatino; color: #000000;\">Svoj novici\u00e1t urobil od 7. septembra 1932 do 7. septembra 1933 vo Sv\u00e4tom Be\u0148adiku. <\/span><\/li><li style=\"text-align: justify;\"><span style=\"font-size: 12pt; font-family: 'book antiqua', palatino; color: #000000;\">Hne\u010f v roku 1934 odi\u0161iel na misie do Portugalska. <\/span><\/li><li style=\"text-align: justify;\"><span style=\"font-size: 12pt; font-family: 'book antiqua', palatino; color: #000000;\">Do\u017eivotn\u00e9 s\u013euby zlo\u017eil v Estorile, v Portugalsku 31. j\u00fala. <\/span><\/li><li style=\"text-align: justify;\"><span style=\"font-size: 12pt; font-family: 'book antiqua', palatino; color: #000000;\">V roku 1946 za\u010dal don Jozef svoje mision\u00e1rske dobrodru\u017estvo mimo Eur\u00f3py.<\/span><\/li><\/ul><\/td><\/tr><\/tbody><\/table>\t\t\t\t\t\t\t\t<\/div>\n\t\t\t\t<\/div>\n\t\t\t\t\t<\/div>\n\t\t<\/div>\n\t\t\t\t<div class=\"elementor-column elementor-col-50 elementor-top-column elementor-element elementor-element-c532e2b sc_content_align_inherit sc_layouts_column_icons_position_left sc_fly_static\" data-id=\"c532e2b\" data-element_type=\"column\" data-e-type=\"column\">\n\t\t\t<div class=\"elementor-widget-wrap elementor-element-populated\">\n\t\t\t\t\t\t<div class=\"elementor-element elementor-element-c7c2b51 sc_fly_static elementor-widget elementor-widget-heading\" data-id=\"c7c2b51\" data-element_type=\"widget\" data-e-type=\"widget\" data-widget_type=\"heading.default\">\n\t\t\t\t<div class=\"elementor-widget-container\">\n\t\t\t\t\t<h4 class=\"elementor-heading-title elementor-size-default\">Hist\u00f3ria farnosti<\/h4>\t\t\t\t<\/div>\n\t\t\t\t<\/div>\n\t\t\t\t<div class=\"elementor-element elementor-element-cb2fbf3 elementor-widget-tablet__width-initial sc_fly_static elementor-widget elementor-widget-text-editor\" data-id=\"cb2fbf3\" data-element_type=\"widget\" data-e-type=\"widget\" data-widget_type=\"text-editor.default\">\n\t\t\t\t<div class=\"elementor-widget-container\">\n\t\t\t\t\t\t\t\t\t<p style=\"text-align: justify;\"><span style=\"font-family: georgia, palatino, serif; font-size: 12pt; color: #000000;\"><span style=\"font-weight: bold;\"><br \/>Teraj\u0161\u00ed farsk\u00fd kostol zasv\u00e4ten\u00fd sv. Michalovi Archanjelovi, bol vybudovan\u00fd v\u00a0rokoch 1793 \u2013 1811<\/span> na mieste star\u0161ieho chr\u00e1mu, ktor\u00fd bol zrejme men\u0161\u00ed s\u00a0polkruhovo zaoblenou sv\u00e4ty\u0148ou, na ktor\u00fa nadv\u00e4zovala kostoln\u00e1 lo\u010f pozd\u013a\u017eneho p\u00f4dorysu. Aj tento p\u00f4vodn\u00fd kostol bol zasv\u00e4ten\u00fd sv. Michalovi Archanjelovi. Nov\u00fd kostol za\u010dali stava\u0165 za far\u00e1ra Michala Bar\u00e1nka, preto\u017ee p\u00f4vodn\u00fd kostol bol v zlom stave.<\/span><\/p><p style=\"text-align: justify;\"><span style=\"font-family: georgia, palatino, serif; font-size: 12pt;\"><span style=\"color: #000000; line-height: 1.3em;\">Kostol je vybudovan\u00fd v\u00a0klasicistickom slohu. Je priestrann\u00fd a\u00a0pomerne vysok\u00fd. V\u00a0strede presbyt\u00e9ria na stene sa nach\u00e1dza \u201ekozmick\u00fd\u201c <\/span><span style=\"color: #000000;\">tot\u00e1lny Kristus na kr\u00ed\u017ei, ako tajomstvo (myst\u00e9rium). Pod n\u00edm je Bohost\u00e1nok. V\u00a0popred\u00ed obetn\u00fd st\u00f4l, pri ktorom sa sl\u00fa\u017eia sv. om\u0161e. Projekt vytvoril Ing. arch. Viktor Dohnal z\u00a0Brna. Kristus a\u00a0obetn\u00fd st\u00f4l je pr\u00e1ca akad. soch\u00e1ra Milo\u0161a Vl\u010deka. Dek\u00f3rum na prednej stene presbyt\u00e9ria zn\u00e1zor\u0148uje vesm\u00edr a\u00a0ma\u013eoval ho akad. maliar Vladim\u00edr Proch\u00e1zka. \u0160tyri okn\u00e1 sv\u00e4tyne maj\u00fa farebn\u00e9 zasklenie, v\u00a0presbyt\u00e9riu sv. Cyril a\u00a0sv. Metod. Tieto okn\u00e1 boli zhotoven\u00e9 e\u0161te v\u00a0roku 1893. V\u00a0lodi kostola s\u00fa zobrazen\u00ed bl. p\u00e1pe\u017e J\u00e1n Pavol II. a\u00a0bl. Zdenka Schelingov\u00e1. Tieto okn\u00e1 s\u00fa jednoduch\u0161ie a\u00a0nov\u0161ie &#8211; z\u00a0roku 2011.<\/span><\/span><\/p><p style=\"text-align: justify;\"><span style=\"font-family: georgia, palatino, serif; font-size: 12pt; color: #000000;\">Prv\u00e1 p\u00edsomne dolo\u017een\u00e1 spr\u00e1va o<span style=\"font-weight: bold;\"> farnosti \u0160\u00farovce<\/span> je z roku 1291. Patr\u00ed medzi najstar\u0161ie farnosti v najbli\u017e\u0161om okol\u00ed. Okrem \u0160\u00faroviec ju tvorili aj nesk\u00f4r vzniknut\u00e9 lokality ako Valtov a V\u00e1rov \u0160\u00far, osada Botseg, Zemianske \u0160\u00farovce a od konca 15. storo\u010dia aj \u010cepene. Za\u010diatkom druh\u00e9ho desa\u0165ro\u010dia 17. storo\u010dia bol \u0161\u00farovsk\u00fd kostol zabran\u00fd nekatol\u00edkmi. V roku 1615 p\u00f4sobil v \u0148om \u201espr\u00e1vca kostola\u201c \u0160tefan Baronkay. Nesk\u00f4r doch\u00e1dzal do \u0160\u00faroviec protestantsk\u00fd kazate\u013e. V r\u00e1mci cirkevnej organiz\u00e1cie farnos\u0165 \u0160\u00farovce patrila do ostrihomsk\u00e9ho arcibiskupstva, potom do Apo\u0161tolskej administrat\u00fary trnavskej a od zriadenia Slovenskej cirkevnej provincie do arcibiskupstva trnavsk\u00e9ho.\u00a0<\/span><\/p><p style=\"text-align: justify;\"><span style=\"font-family: georgia, palatino, serif; font-size: 12pt; color: #000000;\">\u00a0<\/span><\/p>\t\t\t\t\t\t\t\t<\/div>\n\t\t\t\t<\/div>\n\t\t\t\t<div class=\"elementor-element elementor-element-c27c377 sc_fly_static elementor-widget elementor-widget-image\" data-id=\"c27c377\" data-element_type=\"widget\" data-e-type=\"widget\" data-widget_type=\"image.default\">\n\t\t\t\t<div class=\"elementor-widget-container\">\n\t\t\t\t\t\t\t\t\t\t\t\t\t\t\t<img loading=\"lazy\" decoding=\"async\" width=\"370\" height=\"253\" src=\"https:\/\/surovce.fara.sk\/wp-content\/uploads\/2026\/03\/historia-kostol-surovce-obr1-370x253.jpg\" class=\"attachment-post-thumbnail size-post-thumbnail wp-image-24584\" alt=\"\" srcset=\"https:\/\/surovce.fara.sk\/wp-content\/uploads\/2026\/03\/historia-kostol-surovce-obr1-370x253.jpg 370w, https:\/\/surovce.fara.sk\/wp-content\/uploads\/2026\/03\/historia-kostol-surovce-obr1-410x280.jpg 410w, https:\/\/surovce.fara.sk\/wp-content\/uploads\/2026\/03\/historia-kostol-surovce-obr1.jpg 480w\" sizes=\"(max-width: 600px) 100vw, 370px\" \/>\t\t\t\t\t\t\t\t\t\t\t\t\t\t\t<\/div>\n\t\t\t\t<\/div>\n\t\t\t\t<div class=\"elementor-element elementor-element-2ea1788 sc_height_tiny sc_fly_static elementor-widget elementor-widget-spacer\" data-id=\"2ea1788\" data-element_type=\"widget\" data-e-type=\"widget\" data-widget_type=\"spacer.default\">\n\t\t\t\t<div class=\"elementor-widget-container\">\n\t\t\t\t\t\t\t<div class=\"elementor-spacer\">\n\t\t\t<div class=\"elementor-spacer-inner\"><\/div>\n\t\t<\/div>\n\t\t\t\t\t\t<\/div>\n\t\t\t\t<\/div>\n\t\t\t\t<div class=\"elementor-element elementor-element-8512e66 sc_fly_static elementor-widget elementor-widget-image\" data-id=\"8512e66\" data-element_type=\"widget\" data-e-type=\"widget\" data-widget_type=\"image.default\">\n\t\t\t\t<div class=\"elementor-widget-container\">\n\t\t\t\t\t\t\t\t\t\t\t\t\t\t\t<img loading=\"lazy\" decoding=\"async\" width=\"370\" height=\"232\" src=\"https:\/\/surovce.fara.sk\/wp-content\/uploads\/2026\/03\/historia-kostol-surovce-obr2-370x232.jpg\" class=\"attachment-post-thumbnail size-post-thumbnail wp-image-24585\" alt=\"\" srcset=\"https:\/\/surovce.fara.sk\/wp-content\/uploads\/2026\/03\/historia-kostol-surovce-obr2-370x232.jpg 370w, https:\/\/surovce.fara.sk\/wp-content\/uploads\/2026\/03\/historia-kostol-surovce-obr2-768x481.jpg 768w, https:\/\/surovce.fara.sk\/wp-content\/uploads\/2026\/03\/historia-kostol-surovce-obr2-840x526.jpg 840w, https:\/\/surovce.fara.sk\/wp-content\/uploads\/2026\/03\/historia-kostol-surovce-obr2-410x257.jpg 410w, https:\/\/surovce.fara.sk\/wp-content\/uploads\/2026\/03\/historia-kostol-surovce-obr2.jpg 1173w\" sizes=\"(max-width: 600px) 100vw, 370px\" \/>\t\t\t\t\t\t\t\t\t\t\t\t\t\t\t<\/div>\n\t\t\t\t<\/div>\n\t\t\t\t\t<\/div>\n\t\t<\/div>\n\t\t\t\t\t<\/div>\n\t\t<\/section>\n\t\t\t\t<section class=\"elementor-section elementor-top-section elementor-element elementor-element-1b39a09 elementor-section-boxed elementor-section-height-default elementor-section-height-default sc_fly_static\" data-id=\"1b39a09\" data-element_type=\"section\" data-e-type=\"section\">\n\t\t\t\t\t\t<div class=\"elementor-container elementor-column-gap-extended\">\n\t\t\t\t\t<div class=\"elementor-column elementor-col-100 elementor-top-column elementor-element elementor-element-6410883 sc_content_align_inherit sc_layouts_column_icons_position_left sc_fly_static\" data-id=\"6410883\" data-element_type=\"column\" data-e-type=\"column\">\n\t\t\t<div class=\"elementor-widget-wrap elementor-element-populated\">\n\t\t\t\t\t\t<div class=\"elementor-element elementor-element-b171769 sc_height_small sc_fly_static elementor-widget elementor-widget-spacer\" data-id=\"b171769\" data-element_type=\"widget\" data-e-type=\"widget\" data-widget_type=\"spacer.default\">\n\t\t\t\t<div class=\"elementor-widget-container\">\n\t\t\t\t\t\t\t<div class=\"elementor-spacer\">\n\t\t\t<div class=\"elementor-spacer-inner\"><\/div>\n\t\t<\/div>\n\t\t\t\t\t\t<\/div>\n\t\t\t\t<\/div>\n\t\t\t\t\t<\/div>\n\t\t<\/div>\n\t\t\t\t\t<\/div>\n\t\t<\/section>\n\t\t\t\t<\/div>","protected":false},"excerpt":{"rendered":"<p>Duchovn\u00e9 povolania z farnosti MONS. MILOSLAV MRVA naroden\u00fd 18. 12. 1936 vo Vara\u0161\u00fare, ordinovan\u00fd (vysv\u00e4ten\u00fd)&hellip;<\/p>","protected":false},"author":1,"featured_media":0,"parent":0,"menu_order":0,"comment_status":"closed","ping_status":"closed","template":"","meta":{"footnotes":""},"class_list":["post-24582","page","type-page","status-publish","hentry"],"_links":{"self":[{"href":"https:\/\/surovce.fara.sk\/en\/wp-json\/wp\/v2\/pages\/24582","targetHints":{"allow":["GET"]}}],"collection":[{"href":"https:\/\/surovce.fara.sk\/en\/wp-json\/wp\/v2\/pages"}],"about":[{"href":"https:\/\/surovce.fara.sk\/en\/wp-json\/wp\/v2\/types\/page"}],"author":[{"embeddable":true,"href":"https:\/\/surovce.fara.sk\/en\/wp-json\/wp\/v2\/users\/1"}],"replies":[{"embeddable":true,"href":"https:\/\/surovce.fara.sk\/en\/wp-json\/wp\/v2\/comments?post=24582"}],"version-history":[{"count":22,"href":"https:\/\/surovce.fara.sk\/en\/wp-json\/wp\/v2\/pages\/24582\/revisions"}],"predecessor-version":[{"id":24612,"href":"https:\/\/surovce.fara.sk\/en\/wp-json\/wp\/v2\/pages\/24582\/revisions\/24612"}],"wp:attachment":[{"href":"https:\/\/surovce.fara.sk\/en\/wp-json\/wp\/v2\/media?parent=24582"}],"curies":[{"name":"wp","href":"https:\/\/api.w.org\/{rel}","templated":true}]}}