{"id":24529,"date":"2026-03-21T18:59:41","date_gmt":"2026-03-21T17:59:41","guid":{"rendered":"https:\/\/surovce.fara.sk\/novy\/?page_id=24529"},"modified":"2026-03-21T19:02:33","modified_gmt":"2026-03-21T18:02:33","slug":"heraldicka-identita","status":"publish","type":"page","link":"https:\/\/surovce.fara.sk\/en\/heraldicka-identita\/","title":{"rendered":"Heraldick\u00e1 identita farnosti \u0160\u00farovce"},"content":{"rendered":"<div data-elementor-type=\"wp-page\" data-elementor-id=\"24529\" class=\"elementor elementor-24529\">\n\t\t\t\t\t\t<section class=\"elementor-section elementor-top-section elementor-element elementor-element-701d79f scheme_light elementor-section-boxed elementor-section-height-default elementor-section-height-default sc_fly_static\" data-id=\"701d79f\" data-element_type=\"section\" data-e-type=\"section\" data-settings=\"{&quot;background_background&quot;:&quot;classic&quot;}\">\n\t\t\t\t\t\t<div class=\"elementor-container elementor-column-gap-extended\">\n\t\t\t\t\t<div class=\"elementor-column elementor-col-100 elementor-top-column elementor-element elementor-element-3bc8d31 sc_content_align_inherit sc_layouts_column_icons_position_left sc_fly_static\" data-id=\"3bc8d31\" data-element_type=\"column\" data-e-type=\"column\">\n\t\t\t<div class=\"elementor-widget-wrap\">\n\t\t\t\t\t\t\t<\/div>\n\t\t<\/div>\n\t\t\t\t\t<\/div>\n\t\t<\/section>\n\t\t\t\t<section class=\"elementor-section elementor-top-section elementor-element elementor-element-2a316e84 scheme_default elementor-section-boxed elementor-section-height-default elementor-section-height-default sc_fly_static\" data-id=\"2a316e84\" data-element_type=\"section\" data-e-type=\"section\" data-settings=\"{&quot;background_background&quot;:&quot;classic&quot;}\">\n\t\t\t\t\t\t<div class=\"elementor-container elementor-column-gap-extended\">\n\t\t\t\t\t<div class=\"elementor-column elementor-col-100 elementor-top-column elementor-element elementor-element-35c98be7 sc_content_align_inherit sc_layouts_column_icons_position_left sc_fly_static\" data-id=\"35c98be7\" data-element_type=\"column\" data-e-type=\"column\">\n\t\t\t<div class=\"elementor-widget-wrap elementor-element-populated\">\n\t\t\t\t\t\t<div class=\"elementor-element elementor-element-3508881 sc_fly_static elementor-widget elementor-widget-spacer\" data-id=\"3508881\" data-element_type=\"widget\" data-e-type=\"widget\" data-widget_type=\"spacer.default\">\n\t\t\t\t<div class=\"elementor-widget-container\">\n\t\t\t\t\t\t\t<div class=\"elementor-spacer\">\n\t\t\t<div class=\"elementor-spacer-inner\"><\/div>\n\t\t<\/div>\n\t\t\t\t\t\t<\/div>\n\t\t\t\t<\/div>\n\t\t\t\t\t<\/div>\n\t\t<\/div>\n\t\t\t\t\t<\/div>\n\t\t<\/section>\n\t\t\t\t<section class=\"elementor-section elementor-top-section elementor-element elementor-element-60eda10 elementor-section-boxed elementor-section-height-default elementor-section-height-default sc_fly_static\" data-id=\"60eda10\" data-element_type=\"section\" data-e-type=\"section\">\n\t\t\t\t\t\t<div class=\"elementor-container elementor-column-gap-extended\">\n\t\t\t\t\t<div class=\"elementor-column elementor-col-50 elementor-top-column elementor-element elementor-element-60d059d sc_content_align_inherit sc_layouts_column_icons_position_left sc_fly_static\" data-id=\"60d059d\" data-element_type=\"column\" data-e-type=\"column\">\n\t\t\t<div class=\"elementor-widget-wrap elementor-element-populated\">\n\t\t\t\t\t\t<div class=\"elementor-element elementor-element-13c7150 sc_fly_static elementor-widget elementor-widget-image\" data-id=\"13c7150\" data-element_type=\"widget\" data-e-type=\"widget\" data-widget_type=\"image.default\">\n\t\t\t\t<div class=\"elementor-widget-container\">\n\t\t\t\t\t\t\t\t\t\t\t\t\t\t\t<img fetchpriority=\"high\" decoding=\"async\" width=\"512\" height=\"512\" src=\"https:\/\/surovce.fara.sk\/wp-content\/uploads\/2026\/03\/erb-512x512-1.png\" class=\"attachment-large size-large wp-image-23858\" alt=\"\" srcset=\"https:\/\/surovce.fara.sk\/wp-content\/uploads\/2026\/03\/erb-512x512-1.png 512w, https:\/\/surovce.fara.sk\/wp-content\/uploads\/2026\/03\/erb-512x512-1-300x300.png 300w, https:\/\/surovce.fara.sk\/wp-content\/uploads\/2026\/03\/erb-512x512-1-150x150.png 150w, https:\/\/surovce.fara.sk\/wp-content\/uploads\/2026\/03\/erb-512x512-1-370x370.png 370w, https:\/\/surovce.fara.sk\/wp-content\/uploads\/2026\/03\/erb-512x512-1-120x120.png 120w, https:\/\/surovce.fara.sk\/wp-content\/uploads\/2026\/03\/erb-512x512-1-410x410.png 410w\" sizes=\"(max-width: 600px) 100vw, 512px\" \/>\t\t\t\t\t\t\t\t\t\t\t\t\t\t\t<\/div>\n\t\t\t\t<\/div>\n\t\t\t\t\t<\/div>\n\t\t<\/div>\n\t\t\t\t<div class=\"elementor-column elementor-col-50 elementor-top-column elementor-element elementor-element-c532e2b sc_content_align_inherit sc_layouts_column_icons_position_left sc_fly_static\" data-id=\"c532e2b\" data-element_type=\"column\" data-e-type=\"column\">\n\t\t\t<div class=\"elementor-widget-wrap elementor-element-populated\">\n\t\t\t\t\t\t<div class=\"elementor-element elementor-element-cb2fbf3 elementor-widget-tablet__width-initial sc_fly_static elementor-widget elementor-widget-text-editor\" data-id=\"cb2fbf3\" data-element_type=\"widget\" data-e-type=\"widget\" data-widget_type=\"text-editor.default\">\n\t\t\t\t<div class=\"elementor-widget-container\">\n\t\t\t\t\t\t\t\t\t<p style=\"text-align: justify;\"><span style=\"font-family: georgia, palatino; font-size: 12pt; color: #000000;\">Nov\u00fd erb farnosti po\u017eehnal farsk\u00fd administr\u00e1tor vdp. Mari\u00e1n Kolen\u010d\u00edk d\u0148a 24. septembra 2017 pri pr\u00edle\u017eitosti sl\u00e1vnosti titulu farsk\u00e9ho Kostola sv. Michala Archanjela v \u0160\u00farovciach.<\/span><\/p><p style=\"text-align: justify;\"><span style=\"font-family: georgia, palatino; font-size: 12pt; color: #000000;\">Z\u00e1kladom heraldicky spr\u00e1vneho erbu je jednoduchos\u0165 a \u013eahk\u00e1 \u010ditate\u013enos\u0165. Heraldika pracuje s jednoduchos\u0165ou a kvalitne nakreslen\u00fdmi fig\u00farami pod\u013ea heraldick\u00fdch pravidiel.<\/span><\/p><section><p style=\"text-align: justify;\"><span style=\"color: #000000;\"><em><strong><span style=\"font-family: georgia,palatino; font-size: 12pt;\">Popis erbu<br \/><\/span><\/strong><\/em><span style=\"font-family: georgia,palatino; font-size: 12pt;\">V \u010dervenom \u0161t\u00edte modr\u00e1 hlava, v nej zlat\u00e1 \u0161es\u0165hrot\u00e1 hviezda sprev\u00e1dzan\u00e1 po stran\u00e1ch dvoma zlat\u00fdmi sedemhrot\u00fdmi hviezdami. V dolnom \u010dervenom poli nad hrotom plamenn\u00e9ho me\u010da so striebornou rukov\u00e4\u0165ou a zlatou zvlnenou \u010depe\u013eou spo\u010d\u00edvaj\u00fa zlat\u00e9 v\u00e1hy so strieborn\u00fdmi retiazkami. Nad \u0161t\u00edtom sa vzn\u00e1\u0161a \u010dierny k\u0148azsk\u00fd klob\u00fak na ka\u017edej strane s jedn\u00fdm uzlom na \u010diernej \u0161n\u00fare.<\/span><span style=\"font-family: georgia,palatino; font-size: 12pt;\"> <br \/><\/span><\/span><\/p><\/section><section><p style=\"text-align: left;\"><span style=\"color: #000000;\"><em><strong><span style=\"font-family: georgia,palatino; font-size: 12pt;\">Vysvetlenie v\u00fdznamu jednotliv\u00fdch prvkov erbu<br \/><\/span><\/strong><\/em><span style=\"font-family: georgia,palatino; font-size: 12pt;\">Farnos\u0165 \u0160\u00farovce je zasv\u00e4ten\u00e1 sv. Michalovi Archanjelovi. Zasv\u00e4tenie farnosti je vyjadren\u00e9 v <\/span><\/span><span style=\"font-family: georgia, palatino; font-size: 12pt; color: #000000;\">dolnej \u010dervenej \u010dasti \u0161t\u00edtu hlavn\u00fdmi atrib\u00fatmi Archanjela \u2013 v\u00e1hami a plamenn\u00fdm me\u010dom.<\/span><br \/><span style=\"font-family: georgia, palatino; font-size: 12pt; color: #000000;\">Modr\u00e1 hlava \u0161t\u00edtu m\u00e1 p\u00f4vod v dvoch erboch. Modr\u00fd je erb Dekan\u00e1tu Sere\u010f, do ktor\u00e9ho <\/span><span style=\"font-family: georgia, palatino; font-size: 12pt; color: #000000;\">farnos\u0165 z cirkevno-spr\u00e1vneho h\u013eadiska prin\u00e1le\u017e\u00ed a rovnak\u00fa tinkt\u00faru m\u00e1 aj erb obce \u0160\u00farovce, <\/span><span style=\"font-family: georgia, palatino; font-size: 12pt; color: #000000;\">na ktorej \u00fazem\u00ed sa farnos\u0165 nach\u00e1dza. Dve sedemhrot\u00e9 hviezdy poch\u00e1dzaj\u00fa z erbu dekan\u00e1tu.<\/span><br \/><span style=\"font-family: georgia, palatino; font-size: 12pt; color: #000000;\">\u0160es\u0165hrot\u00e1 hviezda m\u00e1 p\u00f4vod v obecnom erbe. Po\u010det hviezd \u2013 tri \u2013 vyjadruje, \u017ee na \u00fazem\u00ed <\/span><span style=\"font-family: georgia, palatino; font-size: 12pt; color: #000000;\">farnosti sa nach\u00e1dzaj\u00fa tri kaplnky. \u010cierny k\u0148azsk\u00fd klob\u00fak s jedn\u00fdm \u010diernym strapcom na <\/span><span style=\"font-family: georgia, palatino; font-size: 12pt; color: #000000;\">\u010diernej \u0161n\u00fare na ka\u017edej strane prin\u00e1le\u017e\u00ed, pod\u013ea pravidiel cirkevnej heraldiky, far\u00e1rovi <\/span><span style=\"font-family: georgia, palatino; font-size: 12pt; color: #000000;\">a\u00a0farnosti.<\/span><\/p><\/section><p style=\"text-align: justify;\"><strong><span style=\"font-family: georgia, palatino; font-size: 12pt; color: #000000;\"><em>Erb schv\u00e1lil d\u0148a 23.08.2017 v Nitre <\/em><\/span><span style=\"font-family: georgia, palatino; font-size: 12pt; color: #000000;\"><em>heraldick\u00fd konzultor KBS <\/em><\/span><span style=\"font-family: georgia, palatino; font-size: 12pt; color: #000000;\"><em>doc. PhDr. Ing. Miroslav Glejtek, PhD.<\/em><\/span><\/strong><\/p><p style=\"text-align: justify;\"><em><span style=\"font-family: georgia, palatino; font-size: 12pt; color: #000000;\">Nov\u00fd farsk\u00fd erb sa bude pou\u017e\u00edva\u0165 na pe\u010diatkach a hlavi\u010dkovom papieri na\u0161ej farnosti. Ke\u010f\u017ee na\u0161a farnos\u0165 nemala do roku 2017 vytvoren\u00fd ofici\u00e1lny znak, bolo potrebn\u00e9 pre t\u00fato potrebu da\u0165 vytvori\u0165 a ust\u00e1li\u0165 znak, ktor\u00fd sa bude pou\u017e\u00edva\u0165. Ke\u010f\u017ee Pavol VI. v Motu Proprio 1966 vydal smernice, ktor\u00fdmi ustanovil, \u017ee klerici a farnosti spolu s diec\u00e9zami m\u00f4\u017eu i na\u010falej pou\u017e\u00edva\u0165 (a je vhodn\u00e9) erbov\u00e9 pr\u00e1vo, ktor\u00e9 dala M\u00e1ria Ter\u00e9zia vo svojom cis\u00e1rstve Cirkvi. Re\u0161pektuj\u00fac t\u00fato trad\u00edciu sme sa rozhodli i my v nej pokra\u010dova\u0165.<\/span><\/em><\/p>\t\t\t\t\t\t\t\t<\/div>\n\t\t\t\t<\/div>\n\t\t\t\t\t<\/div>\n\t\t<\/div>\n\t\t\t\t\t<\/div>\n\t\t<\/section>\n\t\t\t\t<section class=\"elementor-section elementor-top-section elementor-element elementor-element-1b39a09 elementor-section-boxed elementor-section-height-default elementor-section-height-default sc_fly_static\" data-id=\"1b39a09\" data-element_type=\"section\" data-e-type=\"section\">\n\t\t\t\t\t\t<div class=\"elementor-container elementor-column-gap-extended\">\n\t\t\t\t\t<div class=\"elementor-column elementor-col-100 elementor-top-column elementor-element elementor-element-6410883 sc_content_align_inherit sc_layouts_column_icons_position_left sc_fly_static\" data-id=\"6410883\" data-element_type=\"column\" data-e-type=\"column\">\n\t\t\t<div class=\"elementor-widget-wrap elementor-element-populated\">\n\t\t\t\t\t\t<div class=\"elementor-element elementor-element-b171769 sc_height_small sc_fly_static elementor-widget elementor-widget-spacer\" data-id=\"b171769\" data-element_type=\"widget\" data-e-type=\"widget\" data-widget_type=\"spacer.default\">\n\t\t\t\t<div class=\"elementor-widget-container\">\n\t\t\t\t\t\t\t<div class=\"elementor-spacer\">\n\t\t\t<div class=\"elementor-spacer-inner\"><\/div>\n\t\t<\/div>\n\t\t\t\t\t\t<\/div>\n\t\t\t\t<\/div>\n\t\t\t\t\t<\/div>\n\t\t<\/div>\n\t\t\t\t\t<\/div>\n\t\t<\/section>\n\t\t\t\t<\/div>","protected":false},"excerpt":{"rendered":"<p>Nov\u00fd erb farnosti po\u017eehnal farsk\u00fd administr\u00e1tor vdp. Mari\u00e1n Kolen\u010d\u00edk d\u0148a 24. septembra 2017 pri pr\u00edle\u017eitosti&hellip;<\/p>","protected":false},"author":1,"featured_media":0,"parent":0,"menu_order":0,"comment_status":"closed","ping_status":"closed","template":"","meta":{"footnotes":""},"class_list":["post-24529","page","type-page","status-publish","hentry"],"_links":{"self":[{"href":"https:\/\/surovce.fara.sk\/en\/wp-json\/wp\/v2\/pages\/24529","targetHints":{"allow":["GET"]}}],"collection":[{"href":"https:\/\/surovce.fara.sk\/en\/wp-json\/wp\/v2\/pages"}],"about":[{"href":"https:\/\/surovce.fara.sk\/en\/wp-json\/wp\/v2\/types\/page"}],"author":[{"embeddable":true,"href":"https:\/\/surovce.fara.sk\/en\/wp-json\/wp\/v2\/users\/1"}],"replies":[{"embeddable":true,"href":"https:\/\/surovce.fara.sk\/en\/wp-json\/wp\/v2\/comments?post=24529"}],"version-history":[{"count":7,"href":"https:\/\/surovce.fara.sk\/en\/wp-json\/wp\/v2\/pages\/24529\/revisions"}],"predecessor-version":[{"id":24538,"href":"https:\/\/surovce.fara.sk\/en\/wp-json\/wp\/v2\/pages\/24529\/revisions\/24538"}],"wp:attachment":[{"href":"https:\/\/surovce.fara.sk\/en\/wp-json\/wp\/v2\/media?parent=24529"}],"curies":[{"name":"wp","href":"https:\/\/api.w.org\/{rel}","templated":true}]}}