{"id":24505,"date":"2026-03-21T17:03:05","date_gmt":"2026-03-21T16:03:05","guid":{"rendered":"https:\/\/surovce.fara.sk\/novy\/?page_id=24505"},"modified":"2026-03-21T17:10:30","modified_gmt":"2026-03-21T16:10:30","slug":"patron","status":"publish","type":"page","link":"https:\/\/surovce.fara.sk\/en\/patron\/","title":{"rendered":"Patr\u00f3n farnosti"},"content":{"rendered":"<div data-elementor-type=\"wp-page\" data-elementor-id=\"24505\" class=\"elementor elementor-24505\">\n\t\t\t\t\t\t<section class=\"elementor-section elementor-top-section elementor-element elementor-element-701d79f scheme_light elementor-section-boxed elementor-section-height-default elementor-section-height-default sc_fly_static\" data-id=\"701d79f\" data-element_type=\"section\" data-e-type=\"section\" data-settings=\"{&quot;background_background&quot;:&quot;classic&quot;}\">\n\t\t\t\t\t\t<div class=\"elementor-container elementor-column-gap-extended\">\n\t\t\t\t\t<div class=\"elementor-column elementor-col-100 elementor-top-column elementor-element elementor-element-3bc8d31 sc_content_align_inherit sc_layouts_column_icons_position_left sc_fly_static\" data-id=\"3bc8d31\" data-element_type=\"column\" data-e-type=\"column\">\n\t\t\t<div class=\"elementor-widget-wrap\">\n\t\t\t\t\t\t\t<\/div>\n\t\t<\/div>\n\t\t\t\t\t<\/div>\n\t\t<\/section>\n\t\t\t\t<section class=\"elementor-section elementor-top-section elementor-element elementor-element-2a316e84 scheme_default elementor-section-boxed elementor-section-height-default elementor-section-height-default sc_fly_static\" data-id=\"2a316e84\" data-element_type=\"section\" data-e-type=\"section\" data-settings=\"{&quot;background_background&quot;:&quot;classic&quot;}\">\n\t\t\t\t\t\t<div class=\"elementor-container elementor-column-gap-extended\">\n\t\t\t\t\t<div class=\"elementor-column elementor-col-100 elementor-top-column elementor-element elementor-element-35c98be7 sc_content_align_inherit sc_layouts_column_icons_position_left sc_fly_static\" data-id=\"35c98be7\" data-element_type=\"column\" data-e-type=\"column\">\n\t\t\t<div class=\"elementor-widget-wrap elementor-element-populated\">\n\t\t\t\t\t\t<div class=\"elementor-element elementor-element-3508881 sc_fly_static elementor-widget elementor-widget-spacer\" data-id=\"3508881\" data-element_type=\"widget\" data-e-type=\"widget\" data-widget_type=\"spacer.default\">\n\t\t\t\t<div class=\"elementor-widget-container\">\n\t\t\t\t\t\t\t<div class=\"elementor-spacer\">\n\t\t\t<div class=\"elementor-spacer-inner\"><\/div>\n\t\t<\/div>\n\t\t\t\t\t\t<\/div>\n\t\t\t\t<\/div>\n\t\t\t\t\t<\/div>\n\t\t<\/div>\n\t\t\t\t\t<\/div>\n\t\t<\/section>\n\t\t\t\t<section class=\"elementor-section elementor-top-section elementor-element elementor-element-60eda10 elementor-section-boxed elementor-section-height-default elementor-section-height-default sc_fly_static\" data-id=\"60eda10\" data-element_type=\"section\" data-e-type=\"section\">\n\t\t\t\t\t\t<div class=\"elementor-container elementor-column-gap-extended\">\n\t\t\t\t\t<div class=\"elementor-column elementor-col-50 elementor-top-column elementor-element elementor-element-60d059d sc_content_align_inherit sc_layouts_column_icons_position_left sc_fly_static\" data-id=\"60d059d\" data-element_type=\"column\" data-e-type=\"column\">\n\t\t\t<div class=\"elementor-widget-wrap elementor-element-populated\">\n\t\t\t\t\t\t<div class=\"elementor-element elementor-element-1f83a89 elementor-widget-tablet__width-initial sc_fly_static elementor-widget elementor-widget-image\" data-id=\"1f83a89\" data-element_type=\"widget\" data-e-type=\"widget\" data-widget_type=\"image.default\">\n\t\t\t\t<div class=\"elementor-widget-container\">\n\t\t\t\t\t\t\t\t\t\t\t\t\t\t\t<img fetchpriority=\"high\" decoding=\"async\" width=\"408\" height=\"600\" src=\"https:\/\/surovce.fara.sk\/wp-content\/uploads\/2026\/03\/michal-archanjel.jpg\" class=\"attachment-athos-thumb-huge size-athos-thumb-huge wp-image-24507\" alt=\"\" srcset=\"https:\/\/surovce.fara.sk\/wp-content\/uploads\/2026\/03\/michal-archanjel.jpg 408w, https:\/\/surovce.fara.sk\/wp-content\/uploads\/2026\/03\/michal-archanjel-370x544.jpg 370w\" sizes=\"(max-width: 600px) 100vw, 408px\" \/>\t\t\t\t\t\t\t\t\t\t\t\t\t\t\t<\/div>\n\t\t\t\t<\/div>\n\t\t\t\t\t<\/div>\n\t\t<\/div>\n\t\t\t\t<div class=\"elementor-column elementor-col-50 elementor-top-column elementor-element elementor-element-c532e2b sc_content_align_inherit sc_layouts_column_icons_position_left sc_fly_static\" data-id=\"c532e2b\" data-element_type=\"column\" data-e-type=\"column\">\n\t\t\t<div class=\"elementor-widget-wrap elementor-element-populated\">\n\t\t\t\t\t\t<div class=\"elementor-element elementor-element-cb2fbf3 elementor-widget-tablet__width-initial sc_fly_static elementor-widget elementor-widget-text-editor\" data-id=\"cb2fbf3\" data-element_type=\"widget\" data-e-type=\"widget\" data-widget_type=\"text-editor.default\">\n\t\t\t\t<div class=\"elementor-widget-container\">\n\t\t\t\t\t\t\t\t\t<p><span style=\"color: #000000;\"><strong>Sv. Michal, archanjel<br \/><\/strong><strong>Sviatok:<\/strong>\u00a029. september<\/span><br \/><span style=\"color: #000000;\"><strong>V\u00fdznam mena:<\/strong>\u00a0Kto je ako Boh? (hebr.)<\/span><br \/><span style=\"color: #000000;\"><strong>Embl\u00e9m:<\/strong>\u00a0me\u010d, prilba, v\u00e1hy; zobrazuje sa \u010dasto ako rytier v brnen\u00ed \u0161liapuc po drakovi.<\/span><\/p><p style=\"text-align: justify;\"><span style=\"color: #000000;\">Patr\u00f3n katol\u00edckej Cirkvi, v boji proti poku\u0161eniam a diablovi; rytierov, vojakov, obchodn\u00edkov, para\u0161utistov, policajtov, n\u00e1morn\u00edkov, pek\u00e1rov, v\u00fdrobcov v\u00e1h, ciachova\u010dov, lek\u00e1rnikov, sanit\u00e1rov, tok\u00e1rov, kraj\u010d\u00edrov, sklen\u00e1rov, maliarov, zlatn\u00edkov, c\u00ednarov, zlieva\u010dov, zamestnancov b\u00e1nk, r\u00e1diomechanikov, chudobn\u00fdch, zomieraj\u00facich; cintor\u00ednov; patr\u00f3n dobrej smrti; pri b\u00farke a zlom po\u010das\u00ed.<\/span><\/p><p style=\"text-align: justify;\"><span style=\"color: #000000;\">Sv. Michal je jedn\u00fdm z hlavn\u00fdch anjelov. Preklad jeho mena je vlastne bojov\u00fd v\u00fdkrik dobr\u00fdch anjelov v boji na nebi proti Zl\u00e9mu a jeho anjelom. Meno sv. Michala sa nieko\u013ekokr\u00e1t spom\u00edna v Biblii. <\/span><\/p><p style=\"text-align: justify;\"><span style=\"color: #000000;\">Na z\u00e1klade pas\u00e1\u017e\u00ed zo Sv. P\u00edsma dala kres\u0165ansk\u00e1 trad\u00edcia sv. Michalovi \u0161tyri \u00farady:<\/span><br \/><span style=\"color: #000000;\">\u00b7 bojova\u0165 proti Satanovi,<\/span><br \/><span style=\"color: #000000;\">\u00b7 zachra\u0148ova\u0165 du\u0161e veriacich z moci satana, osobitne v hodine smrti,<\/span><br \/><span style=\"color: #000000;\">\u00b7 ochra\u0148ova\u0165 Bo\u017e\u00ed \u013eud \u2013 \u017didov v Starom z\u00e1kone, kres\u0165anov a Cirkev v Novom z\u00e1kone,<\/span><br \/><span style=\"color: #000000;\">\u00b7 sprev\u00e1dza\u0165 du\u0161e \u013eud\u00ed zo sveta pred Bo\u017e\u00ed s\u00fad.<\/span><\/p><p style=\"text-align: justify;\"><span style=\"color: #000000;\">Jeho postavenie medzi anjelmi uv\u00e1dzaj\u00fa cirkevn\u00ed u\u010denci r\u00f4zne. Gr\u00e9cki otcovia (sv. Bazil a ostatn\u00ed) hovoria, \u017ee Michal je najvy\u0161\u0161\u00ed spomedzi v\u0161etk\u00fdch anjelov, in\u00ed (sv. Bonavent\u00fara), \u017ee je najvy\u0161\u0161\u00edm spomedzi seraf\u00ednov (prv\u00e9ho z deviatich anjelsk\u00fdch ch\u00f3rov). Sv. Tom\u00e1\u0161 Akvinsk\u00fd vo svojej Summe uv\u00e1dza, \u017ee je hlavn\u00fdm z posledn\u00e9ho ch\u00f3ru, ch\u00f3ru anjelov.<\/span><\/p><p style=\"text-align: justify;\"><span style=\"color: #000000;\">R\u00edmska liturgia nasleduje gr\u00e9ckych otcov, sv. Michala naz\u00fdva \u201ePrinceps militiae coelestis quem honorificant angelorum cives\u201c <em>(vodca nebesk\u00fdch vojsk, ktor\u00e9ho si ctia z\u00e1stupy anjelov).<\/em><\/span><\/p><p style=\"text-align: justify;\"><span style=\"color: #000000;\">Jeho sviatok sa sl\u00e1vi 29. septembra, v obnovenom cirkevnom kalend\u00e1ri (r. 1969) sa v ten ist\u00fd de\u0148 sl\u00e1vi sviatok aj sv. archanjelov Gabriela a Rafaela.<\/span><\/p><p style=\"text-align: justify;\"><span style=\"color: #000000;\"><strong>Modlitba k sv. Michalovi<br \/><\/strong><\/span><span style=\"color: #000000;\">Sv. Michal archanjel, br\u00e1\u0148 n\u00e1s v boji, bu\u010f n\u00e1m ochrancom proti zlobe a \u00fakladom diabla. Pokorne pros\u00edme, nech mu Boh uk\u00e1\u017ee svoju moc. A ty, knie\u017ea nebesk\u00fdch z\u00e1stupov, Bo\u017eou mocou za\u017ee\u0148 do pekla satana a in\u00fdch zl\u00fdch duchov, ktor\u00ed sa na skazu du\u0161\u00ed potuluj\u00fa po svete. Amen.<\/span><\/p><p>\u00a0<\/p>\t\t\t\t\t\t\t\t<\/div>\n\t\t\t\t<\/div>\n\t\t\t\t\t<\/div>\n\t\t<\/div>\n\t\t\t\t\t<\/div>\n\t\t<\/section>\n\t\t\t\t<\/div>","protected":false},"excerpt":{"rendered":"<p>Sv. Michal, archanjelSviatok:\u00a029. septemberV\u00fdznam mena:\u00a0Kto je ako Boh? (hebr.)Embl\u00e9m:\u00a0me\u010d, prilba, v\u00e1hy; zobrazuje sa \u010dasto ako&hellip;<\/p>","protected":false},"author":1,"featured_media":0,"parent":0,"menu_order":0,"comment_status":"closed","ping_status":"closed","template":"","meta":{"footnotes":""},"class_list":["post-24505","page","type-page","status-publish","hentry"],"_links":{"self":[{"href":"https:\/\/surovce.fara.sk\/en\/wp-json\/wp\/v2\/pages\/24505","targetHints":{"allow":["GET"]}}],"collection":[{"href":"https:\/\/surovce.fara.sk\/en\/wp-json\/wp\/v2\/pages"}],"about":[{"href":"https:\/\/surovce.fara.sk\/en\/wp-json\/wp\/v2\/types\/page"}],"author":[{"embeddable":true,"href":"https:\/\/surovce.fara.sk\/en\/wp-json\/wp\/v2\/users\/1"}],"replies":[{"embeddable":true,"href":"https:\/\/surovce.fara.sk\/en\/wp-json\/wp\/v2\/comments?post=24505"}],"version-history":[{"count":19,"href":"https:\/\/surovce.fara.sk\/en\/wp-json\/wp\/v2\/pages\/24505\/revisions"}],"predecessor-version":[{"id":24525,"href":"https:\/\/surovce.fara.sk\/en\/wp-json\/wp\/v2\/pages\/24505\/revisions\/24525"}],"wp:attachment":[{"href":"https:\/\/surovce.fara.sk\/en\/wp-json\/wp\/v2\/media?parent=24505"}],"curies":[{"name":"wp","href":"https:\/\/api.w.org\/{rel}","templated":true}]}}