{"id":24472,"date":"2026-03-18T22:10:25","date_gmt":"2026-03-18T21:10:25","guid":{"rendered":"https:\/\/surovce.fara.sk\/novy\/?page_id=24472"},"modified":"2026-03-21T19:04:18","modified_gmt":"2026-03-21T18:04:18","slug":"cirkevne-zaclenenie","status":"publish","type":"page","link":"https:\/\/surovce.fara.sk\/en\/cirkevne-zaclenenie\/","title":{"rendered":"Cirkevn\u00e9 za\u010dlenenie farnosti"},"content":{"rendered":"<table style=\"border-collapse: collapse; width: 100%;\">\n<tbody>\n<tr>\n<td style=\"width: 33.3333%; text-align: center;\"><strong><span style=\"color: #000000;\">Trnavsk\u00e1 arcidiec\u00e9za<\/span><\/strong><\/td>\n<td style=\"width: 33.3333%; text-align: center;\"><strong><span style=\"color: #000000;\">Dekan\u00e1t Sere\u010f<\/span><\/strong><\/td>\n<td style=\"width: 33.3333%; text-align: center;\"><strong><span style=\"color: #000000;\">Farnos\u0165 \u0160\u00farovce<\/span><\/strong><\/td>\n<\/tr>\n<tr>\n<td style=\"width: 33.3333%;\"><img decoding=\"async\" class=\"wp-image-23921 aligncenter\" src=\"https:\/\/surovce.fara.sk\/wp-content\/uploads\/2026\/03\/ABU_TT_erb-sede.png\" alt=\"\" width=\"113\" height=\"151\" \/><\/td>\n<td style=\"width: 33.3333%;\"><img decoding=\"async\" class=\"wp-image-23920 aligncenter\" src=\"https:\/\/surovce.fara.sk\/wp-content\/uploads\/2026\/03\/erb_dekanat_sered_priehl-sede.png\" alt=\"\" width=\"135\" height=\"134\" srcset=\"https:\/\/surovce.fara.sk\/wp-content\/uploads\/2026\/03\/erb_dekanat_sered_priehl-sede.png 201w, https:\/\/surovce.fara.sk\/wp-content\/uploads\/2026\/03\/erb_dekanat_sered_priehl-sede-150x150.png 150w, https:\/\/surovce.fara.sk\/wp-content\/uploads\/2026\/03\/erb_dekanat_sered_priehl-sede-120x120.png 120w\" sizes=\"(max-width: 135px) 100vw, 135px\" \/><\/td>\n<td style=\"width: 33.3333%;\"><img decoding=\"async\" class=\"wp-image-23858 aligncenter\" src=\"https:\/\/surovce.fara.sk\/wp-content\/uploads\/2026\/03\/erb-512x512-1-300x300.png\" alt=\"\" width=\"139\" height=\"139\" srcset=\"https:\/\/surovce.fara.sk\/wp-content\/uploads\/2026\/03\/erb-512x512-1-300x300.png 300w, https:\/\/surovce.fara.sk\/wp-content\/uploads\/2026\/03\/erb-512x512-1-150x150.png 150w, https:\/\/surovce.fara.sk\/wp-content\/uploads\/2026\/03\/erb-512x512-1-370x370.png 370w, https:\/\/surovce.fara.sk\/wp-content\/uploads\/2026\/03\/erb-512x512-1-120x120.png 120w, https:\/\/surovce.fara.sk\/wp-content\/uploads\/2026\/03\/erb-512x512-1-410x410.png 410w, https:\/\/surovce.fara.sk\/wp-content\/uploads\/2026\/03\/erb-512x512-1.png 512w\" sizes=\"(max-width: 139px) 100vw, 139px\" \/><\/td>\n<\/tr>\n<\/tbody>\n<\/table>\n<p><span style=\"font-size: 12pt; color: #000000;\"><strong>Dekan\u00e1t Sere\u010f<\/strong><em><br \/>R\u00edmskokatol\u00edcka cirkev, dekan\u00e1t Sere\u010f<br \/>Kostoln\u00e1 10, 926 01\u00a0 Sere\u010f<\/em><\/span><\/p>\n<p><span style=\"font-size: 12pt; color: #000000;\"><em>e-mail:\u00a0<a style=\"color: #000000;\" href=\"mailto:dekan.sered@gmail.com\">dekan.sered@gmail.com<\/a><br \/>tel.: 031\/789 28 67<br \/><\/em><\/span><\/p>\n<p><span style=\"font-size: 12pt; color: #000000;\"><em><strong>Dekan:\u00a0<\/strong>Vsdp. Mgr. Ing. J\u00e1n HALLON, kanonik, assessor;\u00a0far\u00e1r dekan v Seredi<br \/><strong>\u0160kolsk\u00fd dekan:<\/strong>\u00a0Vdp. Mgr. Daniel VACHAN;\u00a0farsk\u00fd administr\u00e1tor v Pust\u00fdch \u00da\u013eanoch<br \/><strong>Liturgick\u00fd poradca:\u00a0<\/strong>Vdp. Mgr. Martin FERENC;\u00a0farsk\u00fd administr\u00e1tor v Dolnej Strede<br \/><strong>\u0160piritu\u00e1l:\u00a0<\/strong>x<\/em><\/span><\/p>\n\n\n<h5 class=\"wp-block-heading\">Farnosti seredsk\u00e9ho dekan\u00e1tu:<\/h5>\n\n\n\n<p><a href=\"https:\/\/sered.fara.sk\/dekanat\">https:\/\/sered.fara.sk\/dekanat<\/a><\/p>","protected":false},"excerpt":{"rendered":"<p>Trnavsk\u00e1 arcidiec\u00e9za Dekan\u00e1t Sere\u010f Farnos\u0165 \u0160\u00farovce Dekan\u00e1t Sere\u010fR\u00edmskokatol\u00edcka cirkev, dekan\u00e1t Sere\u010fKostoln\u00e1 10, 926 01\u00a0 Sere\u010f&hellip;<\/p>","protected":false},"author":1,"featured_media":0,"parent":0,"menu_order":0,"comment_status":"closed","ping_status":"closed","template":"","meta":{"footnotes":""},"class_list":["post-24472","page","type-page","status-publish","hentry"],"_links":{"self":[{"href":"https:\/\/surovce.fara.sk\/en\/wp-json\/wp\/v2\/pages\/24472","targetHints":{"allow":["GET"]}}],"collection":[{"href":"https:\/\/surovce.fara.sk\/en\/wp-json\/wp\/v2\/pages"}],"about":[{"href":"https:\/\/surovce.fara.sk\/en\/wp-json\/wp\/v2\/types\/page"}],"author":[{"embeddable":true,"href":"https:\/\/surovce.fara.sk\/en\/wp-json\/wp\/v2\/users\/1"}],"replies":[{"embeddable":true,"href":"https:\/\/surovce.fara.sk\/en\/wp-json\/wp\/v2\/comments?post=24472"}],"version-history":[{"count":8,"href":"https:\/\/surovce.fara.sk\/en\/wp-json\/wp\/v2\/pages\/24472\/revisions"}],"predecessor-version":[{"id":24485,"href":"https:\/\/surovce.fara.sk\/en\/wp-json\/wp\/v2\/pages\/24472\/revisions\/24485"}],"wp:attachment":[{"href":"https:\/\/surovce.fara.sk\/en\/wp-json\/wp\/v2\/media?parent=24472"}],"curies":[{"name":"wp","href":"https:\/\/api.w.org\/{rel}","templated":true}]}}