{"id":24441,"date":"2026-03-16T22:00:27","date_gmt":"2026-03-16T21:00:27","guid":{"rendered":"https:\/\/surovce.fara.sk\/novy\/?page_id=24441"},"modified":"2026-03-19T21:22:06","modified_gmt":"2026-03-19T20:22:06","slug":"sviatosti","status":"publish","type":"page","link":"https:\/\/surovce.fara.sk\/en\/sviatosti\/","title":{"rendered":"Sviatosti a pohreb"},"content":{"rendered":"<div data-elementor-type=\"wp-page\" data-elementor-id=\"24441\" class=\"elementor elementor-24441\">\n\t\t\t\t\t\t<section class=\"elementor-section elementor-top-section elementor-element elementor-element-701d79f scheme_light elementor-section-boxed elementor-section-height-default elementor-section-height-default sc_fly_static\" data-id=\"701d79f\" data-element_type=\"section\" data-e-type=\"section\" data-settings=\"{&quot;background_background&quot;:&quot;classic&quot;}\">\n\t\t\t\t\t\t<div class=\"elementor-container elementor-column-gap-extended\">\n\t\t\t\t\t<div class=\"elementor-column elementor-col-100 elementor-top-column elementor-element elementor-element-3bc8d31 sc_content_align_inherit sc_layouts_column_icons_position_left sc_fly_static\" data-id=\"3bc8d31\" data-element_type=\"column\" data-e-type=\"column\">\n\t\t\t<div class=\"elementor-widget-wrap\">\n\t\t\t\t\t\t\t<\/div>\n\t\t<\/div>\n\t\t\t\t\t<\/div>\n\t\t<\/section>\n\t\t\t\t<section class=\"elementor-section elementor-top-section elementor-element elementor-element-2a316e84 scheme_default elementor-section-boxed elementor-section-height-default elementor-section-height-default sc_fly_static\" data-id=\"2a316e84\" data-element_type=\"section\" data-e-type=\"section\" data-settings=\"{&quot;background_background&quot;:&quot;classic&quot;}\">\n\t\t\t\t\t\t<div class=\"elementor-container elementor-column-gap-extended\">\n\t\t\t\t\t<div class=\"elementor-column elementor-col-100 elementor-top-column elementor-element elementor-element-35c98be7 sc_content_align_inherit sc_layouts_column_icons_position_left sc_fly_static\" data-id=\"35c98be7\" data-element_type=\"column\" data-e-type=\"column\">\n\t\t\t<div class=\"elementor-widget-wrap elementor-element-populated\">\n\t\t\t\t\t\t<div class=\"elementor-element elementor-element-3508881 sc_fly_static elementor-widget elementor-widget-spacer\" data-id=\"3508881\" data-element_type=\"widget\" data-e-type=\"widget\" data-widget_type=\"spacer.default\">\n\t\t\t\t<div class=\"elementor-widget-container\">\n\t\t\t\t\t\t\t<div class=\"elementor-spacer\">\n\t\t\t<div class=\"elementor-spacer-inner\"><\/div>\n\t\t<\/div>\n\t\t\t\t\t\t<\/div>\n\t\t\t\t<\/div>\n\t\t\t\t<div class=\"elementor-element elementor-element-4ffa0ac sc_fly_static elementor-widget elementor-widget-trx_sc_services\" data-id=\"4ffa0ac\" data-element_type=\"widget\" data-e-type=\"widget\" data-widget_type=\"trx_sc_services.default\">\n\t\t\t\t<div class=\"elementor-widget-container\">\n\t\t\t\t\t<div class=\"sc_services sc_services_default sc_services_featured_top sc_services_popup sc_post_details_popup\"><div class=\"sc_services_columns_wrap sc_item_columns sc_item_posts_container sc_item_columns_3 trx_addons_columns_wrap columns_padding_bottom\"><div class=\"trx_addons_column-1_3\"><div data-post-id=\"24444\" class=\"sc_services_item sc_item_container post_container without_content sc_services_item_featured_none post-24444 cpt_services type-cpt_services status-publish has-post-thumbnail hentry cpt_services_group-sviatosti\" data-post_id=\"24444\" data-post_type=\"cpt_services\" data-item-number=\"1\"\n>\n\t\t\n\t<div class=\"sc_services_item_info\">\n\t\t\t\t<div class=\"sc_services_item_header\">\n\t\t\t\t\t\t<h4 class=\"sc_services_item_title entry-title\"><a href=\"https:\/\/surovce.fara.sk\/en\/services\/krst-deti\/\">Krst mal\u00fdch det\u00ed<\/a><\/h4>\n\t\t\t\t\t<\/div>\n\t\t        <div class=\"sc_services_item_button sc_item_button\">\n            <a href=\"https:\/\/surovce.fara.sk\/en\/services\/krst-deti\/\" class=\"sc_services_item_more_link\">\n                <span class=\"link_text\">\u010c\u00edta\u0165 viac<\/span><span class=\"link_icon\"><\/span>\n            <\/a>\n            <\/div><\/div>\n<\/div>\n<\/div><div class=\"trx_addons_column-1_3\"><div data-post-id=\"24461\" class=\"sc_services_item sc_item_container post_container without_content sc_services_item_featured_none post-24461 cpt_services type-cpt_services status-publish hentry cpt_services_group-sviatosti\" data-post_id=\"24461\" data-post_type=\"cpt_services\" data-item-number=\"2\"\n>\n\t\t\n\t<div class=\"sc_services_item_info\">\n\t\t\t\t<div class=\"sc_services_item_header\">\n\t\t\t\t\t\t<h4 class=\"sc_services_item_title entry-title\"><a href=\"https:\/\/surovce.fara.sk\/en\/services\/krst-deti-a-mladych\/\">Krst det\u00ed a mlad\u00fdch v \u0161kolskom veku<\/a><\/h4>\n\t\t\t\t\t<\/div>\n\t\t        <div class=\"sc_services_item_button sc_item_button\">\n            <a href=\"https:\/\/surovce.fara.sk\/en\/services\/krst-deti-a-mladych\/\" class=\"sc_services_item_more_link\">\n                <span class=\"link_text\">\u010c\u00edta\u0165 viac<\/span><span class=\"link_icon\"><\/span>\n            <\/a>\n            <\/div><\/div>\n<\/div>\n<\/div><div class=\"trx_addons_column-1_3\"><div data-post-id=\"24465\" class=\"sc_services_item sc_item_container post_container without_content sc_services_item_featured_none post-24465 cpt_services type-cpt_services status-publish hentry cpt_services_group-sviatosti\" data-post_id=\"24465\" data-post_type=\"cpt_services\" data-item-number=\"3\"\n>\n\t\t\n\t<div class=\"sc_services_item_info\">\n\t\t\t\t<div class=\"sc_services_item_header\">\n\t\t\t\t\t\t<h4 class=\"sc_services_item_title entry-title\"><a href=\"https:\/\/surovce.fara.sk\/en\/services\/krst-dospelych\/\">Krst dospel\u00fdch<\/a><\/h4>\n\t\t\t\t\t<\/div>\n\t\t        <div class=\"sc_services_item_button sc_item_button\">\n            <a href=\"https:\/\/surovce.fara.sk\/en\/services\/krst-dospelych\/\" class=\"sc_services_item_more_link\">\n                <span class=\"link_text\">\u010c\u00edta\u0165 viac<\/span><span class=\"link_icon\"><\/span>\n            <\/a>\n            <\/div><\/div>\n<\/div>\n<\/div><div class=\"trx_addons_column-1_3\"><div data-post-id=\"24466\" class=\"sc_services_item sc_item_container post_container without_content sc_services_item_featured_none post-24466 cpt_services type-cpt_services status-publish has-post-thumbnail hentry cpt_services_group-sviatosti\" data-post_id=\"24466\" data-post_type=\"cpt_services\" data-item-number=\"4\"\n>\n\t\t\n\t<div class=\"sc_services_item_info\">\n\t\t\t\t<div class=\"sc_services_item_header\">\n\t\t\t\t\t\t<h4 class=\"sc_services_item_title entry-title\"><a href=\"https:\/\/surovce.fara.sk\/en\/services\/sviatost-birmovania\/\">Sviatos\u0165 birmovania<\/a><\/h4>\n\t\t\t\t\t<\/div>\n\t\t        <div class=\"sc_services_item_button sc_item_button\">\n            <a href=\"https:\/\/surovce.fara.sk\/en\/services\/sviatost-birmovania\/\" class=\"sc_services_item_more_link\">\n                <span class=\"link_text\">\u010c\u00edta\u0165 viac<\/span><span class=\"link_icon\"><\/span>\n            <\/a>\n            <\/div><\/div>\n<\/div>\n<\/div><div class=\"trx_addons_column-1_3\"><div data-post-id=\"24467\" class=\"sc_services_item sc_item_container post_container without_content sc_services_item_featured_none post-24467 cpt_services type-cpt_services status-publish has-post-thumbnail hentry cpt_services_group-sviatosti\" data-post_id=\"24467\" data-post_type=\"cpt_services\" data-item-number=\"5\"\n>\n\t\t\n\t<div class=\"sc_services_item_info\">\n\t\t\t\t<div class=\"sc_services_item_header\">\n\t\t\t\t\t\t<h4 class=\"sc_services_item_title entry-title\"><a href=\"https:\/\/surovce.fara.sk\/en\/services\/sviatost-zmierenia\/\">Sviatos\u0165 zmierenia<\/a><\/h4>\n\t\t\t\t\t<\/div>\n\t\t        <div class=\"sc_services_item_button sc_item_button\">\n            <a href=\"https:\/\/surovce.fara.sk\/en\/services\/sviatost-zmierenia\/\" class=\"sc_services_item_more_link\">\n                <span class=\"link_text\">\u010c\u00edta\u0165 viac<\/span><span class=\"link_icon\"><\/span>\n            <\/a>\n            <\/div><\/div>\n<\/div>\n<\/div><div class=\"trx_addons_column-1_3\"><div data-post-id=\"24468\" class=\"sc_services_item sc_item_container post_container without_content sc_services_item_featured_none post-24468 cpt_services type-cpt_services status-publish has-post-thumbnail hentry cpt_services_group-sviatosti\" data-post_id=\"24468\" data-post_type=\"cpt_services\" data-item-number=\"6\"\n>\n\t\t\n\t<div class=\"sc_services_item_info\">\n\t\t\t\t<div class=\"sc_services_item_header\">\n\t\t\t\t\t\t<h4 class=\"sc_services_item_title entry-title\"><a href=\"https:\/\/surovce.fara.sk\/en\/services\/eucharistia\/\">Sviatos\u0165 Eucharistie (sv. prij\u00edmanie)<\/a><\/h4>\n\t\t\t\t\t<\/div>\n\t\t        <div class=\"sc_services_item_button sc_item_button\">\n            <a href=\"https:\/\/surovce.fara.sk\/en\/services\/eucharistia\/\" class=\"sc_services_item_more_link\">\n                <span class=\"link_text\">\u010c\u00edta\u0165 viac<\/span><span class=\"link_icon\"><\/span>\n            <\/a>\n            <\/div><\/div>\n<\/div>\n<\/div><div class=\"trx_addons_column-1_3\"><div data-post-id=\"24469\" class=\"sc_services_item sc_item_container post_container without_content sc_services_item_featured_none post-24469 cpt_services type-cpt_services status-publish has-post-thumbnail hentry cpt_services_group-sviatosti\" data-post_id=\"24469\" data-post_type=\"cpt_services\" data-item-number=\"7\"\n>\n\t\t\n\t<div class=\"sc_services_item_info\">\n\t\t\t\t<div class=\"sc_services_item_header\">\n\t\t\t\t\t\t<h4 class=\"sc_services_item_title entry-title\"><a href=\"https:\/\/surovce.fara.sk\/en\/services\/sviatost-manzelstva\/\">Sviatos\u0165 man\u017eelstva<\/a><\/h4>\n\t\t\t\t\t<\/div>\n\t\t        <div class=\"sc_services_item_button sc_item_button\">\n            <a href=\"https:\/\/surovce.fara.sk\/en\/services\/sviatost-manzelstva\/\" class=\"sc_services_item_more_link\">\n                <span class=\"link_text\">\u010c\u00edta\u0165 viac<\/span><span class=\"link_icon\"><\/span>\n            <\/a>\n            <\/div><\/div>\n<\/div>\n<\/div><div class=\"trx_addons_column-1_3\"><div data-post-id=\"24470\" class=\"sc_services_item sc_item_container post_container without_content sc_services_item_featured_none post-24470 cpt_services type-cpt_services status-publish has-post-thumbnail hentry cpt_services_group-sviatosti\" data-post_id=\"24470\" data-post_type=\"cpt_services\" data-item-number=\"8\"\n>\n\t\t\n\t<div class=\"sc_services_item_info\">\n\t\t\t\t<div class=\"sc_services_item_header\">\n\t\t\t\t\t\t<h4 class=\"sc_services_item_title entry-title\"><a href=\"https:\/\/surovce.fara.sk\/en\/services\/sviatost-pomazania-chorych\/\">Sviatos\u0165 pomazania chor\u00fdch<\/a><\/h4>\n\t\t\t\t\t<\/div>\n\t\t        <div class=\"sc_services_item_button sc_item_button\">\n            <a href=\"https:\/\/surovce.fara.sk\/en\/services\/sviatost-pomazania-chorych\/\" class=\"sc_services_item_more_link\">\n                <span class=\"link_text\">\u010c\u00edta\u0165 viac<\/span><span class=\"link_icon\"><\/span>\n            <\/a>\n            <\/div><\/div>\n<\/div>\n<\/div><div class=\"trx_addons_column-1_3\"><div data-post-id=\"24471\" class=\"sc_services_item sc_item_container post_container without_content sc_services_item_featured_none post-24471 cpt_services type-cpt_services status-publish hentry cpt_services_group-sviatosti\" data-post_id=\"24471\" data-post_type=\"cpt_services\" data-item-number=\"9\"\n>\n\t\t\n\t<div class=\"sc_services_item_info\">\n\t\t\t\t<div class=\"sc_services_item_header\">\n\t\t\t\t\t\t<h4 class=\"sc_services_item_title entry-title\"><a href=\"https:\/\/surovce.fara.sk\/en\/services\/pohreb\/\">Pohreb<\/a><\/h4>\n\t\t\t\t\t<\/div>\n\t\t        <div class=\"sc_services_item_button sc_item_button\">\n            <a href=\"https:\/\/surovce.fara.sk\/en\/services\/pohreb\/\" class=\"sc_services_item_more_link\">\n                <span class=\"link_text\">\u010c\u00edta\u0165 viac<\/span><span class=\"link_icon\"><\/span>\n            <\/a>\n            <\/div><\/div>\n<\/div>\n<\/div><\/div><\/div>\t\t\t\t<\/div>\n\t\t\t\t<\/div>\n\t\t\t\t\t<\/div>\n\t\t<\/div>\n\t\t\t\t\t<\/div>\n\t\t<\/section>\n\t\t\t\t<\/div>","protected":false},"excerpt":{"rendered":"<p>Krst mal\u00fdch det\u00ed \u010c\u00edta\u0165 viac Krst det\u00ed a mlad\u00fdch v \u0161kolskom veku \u010c\u00edta\u0165 viac Krst&hellip;<\/p>","protected":false},"author":1,"featured_media":0,"parent":0,"menu_order":0,"comment_status":"closed","ping_status":"closed","template":"","meta":{"footnotes":""},"class_list":["post-24441","page","type-page","status-publish","hentry"],"_links":{"self":[{"href":"https:\/\/surovce.fara.sk\/en\/wp-json\/wp\/v2\/pages\/24441","targetHints":{"allow":["GET"]}}],"collection":[{"href":"https:\/\/surovce.fara.sk\/en\/wp-json\/wp\/v2\/pages"}],"about":[{"href":"https:\/\/surovce.fara.sk\/en\/wp-json\/wp\/v2\/types\/page"}],"author":[{"embeddable":true,"href":"https:\/\/surovce.fara.sk\/en\/wp-json\/wp\/v2\/users\/1"}],"replies":[{"embeddable":true,"href":"https:\/\/surovce.fara.sk\/en\/wp-json\/wp\/v2\/comments?post=24441"}],"version-history":[{"count":18,"href":"https:\/\/surovce.fara.sk\/en\/wp-json\/wp\/v2\/pages\/24441\/revisions"}],"predecessor-version":[{"id":24500,"href":"https:\/\/surovce.fara.sk\/en\/wp-json\/wp\/v2\/pages\/24441\/revisions\/24500"}],"wp:attachment":[{"href":"https:\/\/surovce.fara.sk\/en\/wp-json\/wp\/v2\/media?parent=24441"}],"curies":[{"name":"wp","href":"https:\/\/api.w.org\/{rel}","templated":true}]}}